{"id":156636,"date":"2025-05-30T13:37:05","date_gmt":"2025-05-30T13:37:05","guid":{"rendered":"https:\/\/berg.aero\/?page_id=156636"},"modified":"2025-06-01T23:27:12","modified_gmt":"2025-06-01T23:27:12","slug":"aircraft-charter-agreement","status":"publish","type":"page","link":"https:\/\/berg.aero\/en\/aircraft-charter-agreement\/","title":{"rendered":"Aircraft Charter Agreement"},"content":{"rendered":"<div class=\"wpb-content-wrapper\"><div data-parent=\"true\" class=\"vc_row row-container\" id=\"row-unique-0\"><div class=\"row limit-width row-parent\"><div class=\"wpb_row row-inner\"><div class=\"wpb_column pos-top pos-center align_left column_parent col-lg-12 single-internal-gutter\"><div class=\"uncol style-light\"  ><div class=\"uncoltable\"><div class=\"uncell no-block-padding\" ><div class=\"uncont\" ><div class=\"uncode_text_column\" ><\/p>\n<p data-start=\"184\" data-end=\"565\">This contract organises the customer\u2019s transportation by the mediation of BERG HAVACILIK from one point to another, which are given in Appendix-A, at the time and price given in Appendix-A again, according to the rules and limitations with regard to the transporter\u2019s responsibilities under the provisions of the domestic and international legislations on passenger transportation.<\/p>\n<ol data-start=\"567\" data-end=\"4870\">\n<li data-start=\"567\" data-end=\"848\">\n<p data-start=\"570\" data-end=\"848\">Carriage and other services mediated by BERG HAVACILIK are subject to:<br data-start=\"640\" data-end=\"643\" \/>a) Conditions of carriage<br data-start=\"671\" data-end=\"674\" \/>b) Related regulations of AIR-OPS and SHT-OPS<br data-start=\"722\" data-end=\"725\" \/>c) Provisions contained in this agreement<br data-start=\"769\" data-end=\"772\" \/>d) Applicable route fares<br data-start=\"800\" data-end=\"803\" \/>e) Current laws and regulations in force<\/p>\n<\/li>\n<li data-start=\"850\" data-end=\"1120\">\n<p data-start=\"853\" data-end=\"1120\">Pursuant to the Turkish Civil Aviation Law dated 14th October 1983 and No. 2920, the carriage hereunder is subject to this law and to the rules and limitations relating to liability established by the Warsaw Convention and the Hague Protocol to amend that Convention.<\/p>\n<\/li>\n<li data-start=\"1122\" data-end=\"1335\">\n<p data-start=\"1125\" data-end=\"1335\">In accordance with the rules relating to Air Taxi Operators of the regulations on Commercial Air Transportation SHY-6A, this agreement constitutes the rental of the complete aircraft indicated in the agreement.<\/p>\n<\/li>\n<li data-start=\"1337\" data-end=\"1788\">\n<p data-start=\"1340\" data-end=\"1788\">BERG HAVACILIK will make every effort to transport passengers, baggage, or cargo on the date and conditions specified in the agreement. However, BERG HAVACILIK cannot be held responsible for any cancellation or delay due to meteorological conditions, technical conditions, excess baggage, or changes in routes. BERG HAVACILIK retains the right to cancel the flight without any reason, by returning the payment, even though the agreement was signed.<\/p>\n<\/li>\n<li data-start=\"1790\" data-end=\"1919\">\n<p data-start=\"1793\" data-end=\"1919\">The agreement is only valid for the lessee (institution), route, and dates specified in the agreement and is not transferable.<\/p>\n<\/li>\n<li data-start=\"1921\" data-end=\"2478\">\n<p data-start=\"1924\" data-end=\"2101\">The fares must be paid before the flight and are non-refundable.<br data-start=\"1988\" data-end=\"1991\" \/>The following percentages can only be refunded to the customer in case of cancellation before the flight:<\/p>\n<ul data-start=\"2105\" data-end=\"2478\">\n<li data-start=\"2105\" data-end=\"2181\">\n<p data-start=\"2107\" data-end=\"2181\">75% of the flight fee in case of cancellation after signing the contract<\/p>\n<\/li>\n<li data-start=\"2185\" data-end=\"2265\">\n<p data-start=\"2187\" data-end=\"2265\">50% of the flight fee in case of cancellation up to 5 days before the flight<\/p>\n<\/li>\n<li data-start=\"2269\" data-end=\"2478\">\n<p data-start=\"2271\" data-end=\"2478\">25% of the flight fee in case of cancellation 8 hours or less before the flight will be paid to the customer<br data-start=\"2379\" data-end=\"2382\" \/>Any cancellation made by BERG HAVACILIK will be refunded after the flown portion is deducted.<\/p>\n<\/li>\n<\/ul>\n<\/li>\n<li data-start=\"2480\" data-end=\"2963\">\n<p data-start=\"2483\" data-end=\"2963\">A person who fails to pass the security checks at airports cannot board the aircraft, and BERG HAVACILIK cannot carry out the transportation even if there is a valid contract. In such case, the flight fee is not refunded.<br data-start=\"2704\" data-end=\"2707\" \/>The passenger shall comply with all government travel requirements and obey all required restrictions and applications and arrive at the airport half an hour ahead of the departure time or by the time fixed early enough to complete departure procedures.<\/p>\n<\/li>\n<li data-start=\"2965\" data-end=\"3497\">\n<p data-start=\"2968\" data-end=\"3092\">Articles outlined below shall not be carried in passenger&#8217;s baggage without the consent of and agreement with the carrier:<\/p>\n<ul data-start=\"3096\" data-end=\"3497\">\n<li data-start=\"3096\" data-end=\"3158\">\n<p data-start=\"3098\" data-end=\"3158\">Compressed gases (flammable, non-flammable, and poisonous)<\/p>\n<\/li>\n<li data-start=\"3162\" data-end=\"3226\">\n<p data-start=\"3164\" data-end=\"3226\">Corrosive materials (such as acids, alkaline, wet batteries)<\/p>\n<\/li>\n<li data-start=\"3230\" data-end=\"3276\">\n<p data-start=\"3232\" data-end=\"3276\">Explosive munitions, fireworks, and flares<\/p>\n<\/li>\n<li data-start=\"3280\" data-end=\"3312\">\n<p data-start=\"3282\" data-end=\"3312\">Flammable liquids and solids<\/p>\n<\/li>\n<li data-start=\"3316\" data-end=\"3380\">\n<p data-start=\"3318\" data-end=\"3380\">Oxidizing materials (such as bleaching powder and peroxides)<\/p>\n<\/li>\n<li data-start=\"3384\" data-end=\"3395\">\n<p data-start=\"3386\" data-end=\"3395\">Poisons<\/p>\n<\/li>\n<li data-start=\"3399\" data-end=\"3424\">\n<p data-start=\"3401\" data-end=\"3424\">Radioactive materials<\/p>\n<\/li>\n<li data-start=\"3428\" data-end=\"3497\">\n<p data-start=\"3430\" data-end=\"3497\">Other restricted articles (such as mercury and magnetized material)<\/p>\n<\/li>\n<\/ul>\n<\/li>\n<li data-start=\"3499\" data-end=\"3652\">\n<p data-start=\"3502\" data-end=\"3652\">Cellular phones, laptop computers, Discman, Walkman, etc., are strictly prohibited to be used during the flight and must be switched off at all times.<\/p>\n<\/li>\n<li data-start=\"3654\" data-end=\"3889\">\n<p data-start=\"3658\" data-end=\"3889\">In round trip routes where flight time is over 2 hours, waiting is free of charge for the same day. In case of remaining overnight (RON), in addition to the crew&#8217;s hotel and meal expenses, flight hours are subject to extra payment.<\/p>\n<\/li>\n<li data-start=\"3891\" data-end=\"4056\">\n<p data-start=\"3895\" data-end=\"4056\">BERG HAVACILIK holds the right to refuse carriage to any person who has required a ticket in violation of applicable law or BERG HAVACILIK rules and regulations.<\/p>\n<\/li>\n<li data-start=\"4058\" data-end=\"4239\">\n<p data-start=\"4062\" data-end=\"4239\">No personnel or representative of BERG HAVACILIK has the authority to alter, modify, or waive any provision of this contract. Agreements of this kind will be considered invalid.<\/p>\n<\/li>\n<li data-start=\"4241\" data-end=\"4301\">\n<p data-start=\"4245\" data-end=\"4301\">Anti-Icing\/De-Icing costs will be borne by the customer.<\/p>\n<\/li>\n<li data-start=\"4303\" data-end=\"4541\">\n<p data-start=\"4307\" data-end=\"4541\">War Risk Insurance is not included in the agreed charter price. If an additional War Risk insurance premium occurs at one of the points in the flight schedule, the relevant amount will be extra and invoiced to the customer separately.<\/p>\n<\/li>\n<li data-start=\"4543\" data-end=\"4870\">\n<p data-start=\"4547\" data-end=\"4870\">BERG HAVACILIK strictly refuses to fly to the regions on the European and American sanction lists and to carry passengers who are on the sanction list of the US, UN, EU &amp; UK, Switzerland, Liechtenstein. It is the customer&#8217;s legal responsibility to control the passengers on the sanction list and prevent them from boarding.<\/p>\n<\/li>\n<\/ol>\n<p>\n<\/div><\/div><\/div><\/div><\/div><\/div><script id=\"script-row-unique-0\" data-row=\"script-row-unique-0\" type=\"text\/javascript\" class=\"vc_controls\">UNCODE.initRow(document.getElementById(\"row-unique-0\"));<\/script><\/div><\/div><\/div><div data-parent=\"true\" class=\"vc_row has-bg need-focus style-color-jevc-bg row-container\" id=\"booknow\"><div class=\"row quad-top-padding quad-bottom-padding single-h-padding limit-width row-parent\"><div class=\"wpb_row row-inner\"><div class=\"wpb_column pos-top pos-center align_left column_parent col-lg-12 double-internal-gutter\"><div class=\"uncol style-light\"  ><div class=\"uncoltable\"><div class=\"uncell no-block-padding\" ><div class=\"uncont\" ><div class=\"vc_row row-internal row-container\"><div class=\"row col-double-gutter row-child\"><div class=\"wpb_row row-inner\"><div class=\"wpb_column pos-top pos-center align_left column_child col-lg-3 double-internal-gutter\"><div class=\"uncol style-light sticky-element sticky-sidebar\" ><div class=\"uncoltable\"><div class=\"uncell  vc_custom_1748613677673 no-block-padding\" style=\"padding-bottom: 10px ;\" ><div class=\"uncont\" ><div class=\"empty-space empty-single mobile-hidden\" ><span class=\"empty-space-inner\"><\/span><\/div>\n<div class=\"vc_custom_heading_wrap \"><div class=\"heading-text el-text\" ><h6 class=\"custom fontspace-135905 text-color-xsdn-color fontsize-188319-custom font-size-custom text-uppercase\" ><span>Start Your Journey<\/span><\/h6><\/div><div class=\"clear\"><\/div><\/div><div class=\"vc_custom_heading_wrap \"><div class=\"heading-text el-text\" ><h2 class=\"custom text-color-xsdn-color fontsize-587996-custom font-size-custom\" ><span>info@berg.aero<\/p><\/span><span><p>&nbsp;<\/p><\/span><span><p>+90 532 397 41 36<\/p><\/span><span><p>&nbsp;<\/p><\/span><span><p>Prof. Dr. Ahmet Taner K\u0131\u015flal\u0131 Mah.<br \/><\/span><span>Beyler Cad. No:20<br \/><\/span><span>\u00c7ankaya\/ Ankara, T\u00fcrkiye<\/span><\/h2><\/div><div class=\"clear\"><\/div><\/div><\/div><\/div><\/div><\/div><\/div><div class=\"wpb_column pos-top pos-center align_left column_child col-lg-9 single-internal-gutter\"><div class=\"uncol style-light shift_y_neg_triple\" ><div class=\"uncoltable\"><div class=\"uncell double-block-padding style-color-xsdn-bg unshadow-lg unradius-sm\" ><div class=\"uncont\" ><div class=\"vc_custom_heading_wrap \"><div class=\"heading-text el-text\" ><h3 class=\"h2\" ><span>Reservation<\/span><\/h3><div><p>Your place in the sky is ready!<br \/>\nContact us now to experience the privilege of Berg Aviation. Whether for domestic or international travel, you can easily book your tailor-made VIP flight and enjoy a comfortable and secure journey.<\/p>\n<p>Flying is your choice \u2014 delivering the privilege is our mission.<\/p>\n<\/div><\/div><div class=\"clear\"><\/div><\/div>\n<div class=\"wpcf7 no-js\" id=\"wpcf7-f61789-o1\" lang=\"en-US\" dir=\"ltr\" data-wpcf7-id=\"61789\">\n<div class=\"screen-reader-response\"><p role=\"status\" aria-live=\"polite\" aria-atomic=\"true\"><\/p> <ul><\/ul><\/div>\n<form action=\"\/en\/wp-json\/wp\/v2\/pages\/156636#wpcf7-f61789-o1\" method=\"post\" class=\"wpcf7-form init\" aria-label=\"Contact form\" novalidate=\"novalidate\" data-status=\"init\">\n<fieldset class=\"hidden-fields-container\"><input type=\"hidden\" name=\"_wpcf7\" value=\"61789\" \/><input type=\"hidden\" name=\"_wpcf7_version\" value=\"6.1.5\" \/><input type=\"hidden\" name=\"_wpcf7_locale\" value=\"en_US\" \/><input type=\"hidden\" name=\"_wpcf7_unit_tag\" value=\"wpcf7-f61789-o1\" \/><input type=\"hidden\" name=\"_wpcf7_container_post\" value=\"0\" \/><input type=\"hidden\" name=\"_wpcf7_posted_data_hash\" value=\"\" \/><input type=\"hidden\" name=\"_wpcf7_recaptcha_response\" value=\"\" \/>\n<\/fieldset>\n<div class=\"wpcf7-inline-wrapper\">\n\t<p class=\"wpcf7-inline-field\"><span class=\"wpcf7-form-control-wrap\" data-name=\"from\"><input size=\"40\" maxlength=\"400\" class=\"wpcf7-form-control wpcf7-text wpcf7-validates-as-required\" aria-required=\"true\" aria-invalid=\"false\" placeholder=\"From *\" value=\"\" type=\"text\" name=\"from\" \/><\/span>\n\t<\/p>\n\t<p class=\"wpcf7-inline-field\"><span class=\"wpcf7-form-control-wrap\" data-name=\"to\"><input size=\"40\" maxlength=\"400\" class=\"wpcf7-form-control wpcf7-text wpcf7-validates-as-required\" aria-required=\"true\" aria-invalid=\"false\" placeholder=\"To *\" value=\"\" type=\"text\" name=\"to\" \/><\/span>\n\t<\/p>\n<\/div>\n<div class=\"wpcf7-inline-wrapper\">\n\t<p class=\"wpcf7-inline-field\"><span class=\"wpcf7-form-control-wrap\" data-name=\"departure\"><input class=\"wpcf7-form-control wpcf7-date wpcf7-validates-as-required wpcf7-validates-as-date wpcf7-text\" id=\"departure-date\" min=\"2026-04-10\" aria-required=\"true\" aria-invalid=\"false\" value=\"\" type=\"date\" name=\"departure\" \/><\/span>\n\t<\/p>\n\t<p class=\"wpcf7-inline-field\"><span class=\"wpcf7-form-control-wrap\" data-name=\"passengers\"><input class=\"wpcf7-form-control wpcf7-number wpcf7-validates-as-required wpcf7-validates-as-number\" min=\"0\" max=\"100\" aria-required=\"true\" aria-invalid=\"false\" placeholder=\"Passengers *\" value=\"\" type=\"number\" name=\"passengers\" \/><\/span>\n\t<\/p>\n<\/div>\n<div class=\"wpcf7-inline-wrapper\">\n\t<p class=\"wpcf7-inline-field\"><span class=\"wpcf7-form-control-wrap\" data-name=\"name\"><input size=\"40\" maxlength=\"400\" class=\"wpcf7-form-control wpcf7-text wpcf7-validates-as-required\" aria-required=\"true\" aria-invalid=\"false\" placeholder=\"Name *\" value=\"\" type=\"text\" name=\"name\" \/><\/span>\n\t<\/p>\n\t<p class=\"wpcf7-inline-field\"><span class=\"wpcf7-form-control-wrap\" data-name=\"surname\"><input size=\"40\" maxlength=\"400\" class=\"wpcf7-form-control wpcf7-text wpcf7-validates-as-required\" aria-required=\"true\" aria-invalid=\"false\" placeholder=\"Surname *\" value=\"\" type=\"text\" name=\"surname\" \/><\/span>\n\t<\/p>\n<\/div>\n<div class=\"wpcf7-inline-wrapper\">\n\t<p class=\"wpcf7-inline-field\"><span class=\"wpcf7-form-control-wrap\" data-name=\"your-email\"><input size=\"40\" maxlength=\"400\" class=\"wpcf7-form-control wpcf7-email wpcf7-validates-as-required wpcf7-text wpcf7-validates-as-email\" aria-required=\"true\" aria-invalid=\"false\" placeholder=\"Email *\" value=\"\" type=\"email\" name=\"your-email\" \/><\/span>\n\t<\/p>\n\t<p class=\"wpcf7-inline-field\"><span class=\"wpcf7-form-control-wrap\" data-name=\"telnumber\"><input size=\"40\" class=\"wpcf7-form-control wpcf7-phonetext wpcf7-validates-as-required wpcf7-text wpcf7-validates-as-phonetext\" autocomplete=\"tel\" data-numberonly=\"true\" aria-required=\"true\" aria-invalid=\"false\" placeholder=\"Phone Number\" value=\"\" type=\"text\" name=\"telnumber\" \/><input type=\"hidden\" name=\"telnumber-country-code\" class=\"wpcf7-phonetext-country-code\" \/><\/span>\n\t<\/p>\n<\/div>\n<div class=\"wpcf7-inline-wrapper\">\n<\/div>\n<p><input class=\"wpcf7-form-control wpcf7-submit has-spinner btn btn-accent btn-lg btn-flat btn-shadow-sm btn-circle btn-inherit font-weight-500\" type=\"submit\" value=\"Request a Flight\" \/>\n<\/p><div class=\"wpcf7-response-output\" aria-hidden=\"true\"><\/div>\n<\/form>\n<\/div>\n<\/div><\/div><\/div><\/div><\/div><\/div><\/div><\/div><div class=\"vc_row row-internal row-container\"><div class=\"row row-child\"><div class=\"wpb_row row-inner\"><div class=\"wpb_column pos-top pos-center align_left column_child col-lg-3 tablet-hidden mobile-hidden single-internal-gutter\"><div class=\"uncol style-light\" ><div class=\"uncoltable\"><div class=\"uncell no-block-padding\" ><div class=\"uncont\" ><\/div><\/div><\/div><\/div><\/div><div class=\"wpb_column pos-top pos-center align_left column_child col-lg-3 col-md-33 single-internal-gutter\"><div class=\"uncol style-light\" ><div class=\"uncoltable\"><div class=\"uncell no-block-padding\" ><div class=\"uncont\" ><span class=\"btn-container\" ><a role=\"button\"  href=\"https:\/\/berg.aero\/aircraft-charter-agreement\/\" class=\"custom-link fontsize-160000 border-width-0 text-color-xsdn-color btn-icon-left\" title=\"Aircraft Charter Agreement\">Aircraft Charter Agreement<\/a><\/span><\/div><\/div><\/div><\/div><\/div><div class=\"wpb_column pos-top pos-center align_left column_child col-lg-3 col-md-33 single-internal-gutter\"><div class=\"uncol style-light\" ><div class=\"uncoltable\"><div class=\"uncell no-block-padding\" ><div class=\"uncont\" ><span class=\"btn-container\" ><a role=\"button\"  href=\"https:\/\/berg.aero\/cookie-policy\/\" class=\"custom-link fontsize-160000 border-width-0 text-color-xsdn-color btn-icon-left\" title=\"Cookie Policy\">Cookie Policy<\/a><\/span><\/div><\/div><\/div><\/div><\/div><div class=\"wpb_column pos-top pos-center align_left column_child col-lg-3 col-md-33 single-internal-gutter\"><div class=\"uncol style-light\" ><div class=\"uncoltable\"><div class=\"uncell no-block-padding\" ><div class=\"uncont\" ><span class=\"btn-container\" ><a role=\"button\"  href=\"https:\/\/berg.aero\/kvkk\/\" class=\"custom-link fontsize-160000 border-width-0 text-color-xsdn-color btn-icon-left\" title=\"K.V.K.K\">K.V.K.K<\/a><\/span><\/div><\/div><\/div><\/div><\/div><\/div><\/div><\/div><\/div><\/div><\/div><\/div><\/div><script id=\"script-booknow\" data-row=\"script-booknow\" type=\"text\/javascript\" class=\"vc_controls\">UNCODE.initRow(document.getElementById(\"booknow\"));<\/script><\/div><\/div><\/div>\n<\/div>","protected":false},"excerpt":{"rendered":"This contract organises the customer\u2019s transportation by the mediation of BERG HAVACILIK from one point to another, which are given [...]","protected":false},"author":1,"featured_media":0,"parent":0,"menu_order":0,"comment_status":"closed","ping_status":"closed","template":"","meta":{"footnotes":""},"class_list":["post-156636","page","type-page","status-publish","hentry"],"_links":{"self":[{"href":"https:\/\/berg.aero\/en\/wp-json\/wp\/v2\/pages\/156636","targetHints":{"allow":["GET"]}}],"collection":[{"href":"https:\/\/berg.aero\/en\/wp-json\/wp\/v2\/pages"}],"about":[{"href":"https:\/\/berg.aero\/en\/wp-json\/wp\/v2\/types\/page"}],"author":[{"embeddable":true,"href":"https:\/\/berg.aero\/en\/wp-json\/wp\/v2\/users\/1"}],"replies":[{"embeddable":true,"href":"https:\/\/berg.aero\/en\/wp-json\/wp\/v2\/comments?post=156636"}],"version-history":[{"count":7,"href":"https:\/\/berg.aero\/en\/wp-json\/wp\/v2\/pages\/156636\/revisions"}],"predecessor-version":[{"id":156696,"href":"https:\/\/berg.aero\/en\/wp-json\/wp\/v2\/pages\/156636\/revisions\/156696"}],"wp:attachment":[{"href":"https:\/\/berg.aero\/en\/wp-json\/wp\/v2\/media?parent=156636"}],"curies":[{"name":"wp","href":"https:\/\/api.w.org\/{rel}","templated":true}]}}