{"id":156646,"date":"2025-05-30T13:58:05","date_gmt":"2025-05-30T13:58:05","guid":{"rendered":"https:\/\/berg.aero\/?page_id=156646"},"modified":"2025-06-01T23:29:52","modified_gmt":"2025-06-01T23:29:52","slug":"kvkk","status":"publish","type":"page","link":"https:\/\/berg.aero\/en\/kvkk\/","title":{"rendered":"K.V.K.K"},"content":{"rendered":"<div class=\"wpb-content-wrapper\"><div data-parent=\"true\" class=\"vc_row row-container\" id=\"row-unique-0\"><div class=\"row limit-width row-parent\"><div class=\"wpb_row row-inner\"><div class=\"wpb_column pos-top pos-center align_left column_parent col-lg-12 single-internal-gutter\"><div class=\"uncol style-light\"  ><div class=\"uncoltable\"><div class=\"uncell no-block-padding\" ><div class=\"uncont\" ><div class=\"uncode_text_column\" ><\/p>\n<p data-start=\"245\" data-end=\"317\"><em data-start=\"245\" data-end=\"317\">(In accordance with the Turkish Personal Data Protection Law No. 6698)<\/em><\/p>\n<p data-start=\"319\" data-end=\"619\">This Privacy Notice is issued by <strong data-start=\"352\" data-end=\"375\">BERG HAVACILIK A.\u015e.<\/strong> (\u201cCompany\u201d, \u201cwe\u201d, \u201cus\u201d), as the data controller under Turkish Law No. 6698 on the Protection of Personal Data (\u201cKVKK\u201d), to inform you about how we collect, process, store, and protect your personal data through our website <strong data-start=\"599\" data-end=\"618\">[<a class=\"\" href=\"http:\/\/www.berg.aero\/\" target=\"_new\" rel=\"noopener\">www.berg.aero<\/a>]<\/strong>.<\/p>\n<h4 data-start=\"621\" data-end=\"648\"><strong data-start=\"626\" data-end=\"648\">1. Data Controller<\/strong><\/h4>\n<p data-start=\"649\" data-end=\"827\"><strong data-start=\"649\" data-end=\"672\">BERG HAVACILIK A.\u015e.<\/strong><br data-start=\"672\" data-end=\"675\" \/><strong data-start=\"675\" data-end=\"687\">Address:<\/strong> Prof. Dr. Ahmet Taner K\u0131\u015flal\u0131 Mah., Beyler Cad. No:20, \u00c7ankaya \/ Ankara, T\u00fcrkiye<br data-start=\"768\" data-end=\"771\" \/><strong data-start=\"771\" data-end=\"781\">Email:<\/strong> <a class=\"cursor-pointer\" rel=\"noopener\" data-start=\"782\" data-end=\"796\">info@berg.aero<\/a><br data-start=\"796\" data-end=\"799\" \/><strong data-start=\"799\" data-end=\"809\">Phone:<\/strong> +90 532 397 41 36<\/p>\n<h4 data-start=\"829\" data-end=\"865\"><strong data-start=\"834\" data-end=\"865\">2. Personal Data We Collect<\/strong><\/h4>\n<p data-start=\"866\" data-end=\"923\">We may process the following categories of personal data:<\/p>\n<ul data-start=\"924\" data-end=\"1071\">\n<li data-start=\"924\" data-end=\"951\">\n<p data-start=\"926\" data-end=\"951\">Identity data (full name)<\/p>\n<\/li>\n<li data-start=\"952\" data-end=\"999\">\n<p data-start=\"954\" data-end=\"999\">Contact details (email address, phone number)<\/p>\n<\/li>\n<li data-start=\"1000\" data-end=\"1036\">\n<p data-start=\"1002\" data-end=\"1036\">Flight and reservation information<\/p>\n<\/li>\n<li data-start=\"1037\" data-end=\"1071\">\n<p data-start=\"1039\" data-end=\"1071\">IP address and browsing behavior<\/p>\n<\/li>\n<\/ul>\n<h4 data-start=\"1073\" data-end=\"1112\"><strong data-start=\"1078\" data-end=\"1112\">3. Purposes of Data Processing<\/strong><\/h4>\n<p data-start=\"1113\" data-end=\"1139\">Your data is processed to:<\/p>\n<ul data-start=\"1140\" data-end=\"1307\">\n<li data-start=\"1140\" data-end=\"1180\">\n<p data-start=\"1142\" data-end=\"1180\">Manage and confirm flight reservations<\/p>\n<\/li>\n<li data-start=\"1181\" data-end=\"1232\">\n<p data-start=\"1183\" data-end=\"1232\">Provide customer support and respond to inquiries<\/p>\n<\/li>\n<li data-start=\"1233\" data-end=\"1264\">\n<p data-start=\"1235\" data-end=\"1264\">Comply with legal obligations<\/p>\n<\/li>\n<li data-start=\"1265\" data-end=\"1307\">\n<p data-start=\"1267\" data-end=\"1307\">Improve our services and user experience<\/p>\n<\/li>\n<\/ul>\n<h4 data-start=\"1309\" data-end=\"1349\"><strong data-start=\"1314\" data-end=\"1349\">4. Legal Grounds for Processing<\/strong><\/h4>\n<p data-start=\"1350\" data-end=\"1391\">We process personal data on the basis of:<\/p>\n<ul data-start=\"1392\" data-end=\"1559\">\n<li data-start=\"1392\" data-end=\"1431\">\n<p data-start=\"1394\" data-end=\"1431\">Your explicit consent, where required<\/p>\n<\/li>\n<li data-start=\"1432\" data-end=\"1487\">\n<p data-start=\"1434\" data-end=\"1487\">Execution of a contract or pre-contractual procedures<\/p>\n<\/li>\n<li data-start=\"1488\" data-end=\"1523\">\n<p data-start=\"1490\" data-end=\"1523\">Compliance with legal obligations<\/p>\n<\/li>\n<li data-start=\"1524\" data-end=\"1559\">\n<p data-start=\"1526\" data-end=\"1559\">Our legitimate business interests<\/p>\n<\/li>\n<\/ul>\n<h4 data-start=\"1561\" data-end=\"1599\"><strong data-start=\"1566\" data-end=\"1599\">5. Data Sharing and Transfers<\/strong><\/h4>\n<p data-start=\"1600\" data-end=\"1638\">Your personal data may be shared with:<\/p>\n<ul data-start=\"1639\" data-end=\"1820\">\n<li data-start=\"1639\" data-end=\"1689\">\n<p data-start=\"1641\" data-end=\"1689\">Domestic service providers and business partners<\/p>\n<\/li>\n<li data-start=\"1690\" data-end=\"1820\">\n<p data-start=\"1692\" data-end=\"1820\">Authorized public institutions as required by law<br \/>\nWe do not transfer your data outside of Turkey unless in compliance with KVKK.<\/p>\n<\/li>\n<\/ul>\n<h4 data-start=\"1822\" data-end=\"1856\"><strong data-start=\"1827\" data-end=\"1856\">6. Your Rights Under KVKK<\/strong><\/h4>\n<p data-start=\"1857\" data-end=\"1879\">You have the right to:<\/p>\n<ul data-start=\"1880\" data-end=\"2155\">\n<li data-start=\"1880\" data-end=\"1924\">\n<p data-start=\"1882\" data-end=\"1924\">Learn whether your data is being processed<\/p>\n<\/li>\n<li data-start=\"1925\" data-end=\"1961\">\n<p data-start=\"1927\" data-end=\"1961\">Request details of such processing<\/p>\n<\/li>\n<li data-start=\"1962\" data-end=\"1995\">\n<p data-start=\"1964\" data-end=\"1995\">Know the purposes of processing<\/p>\n<\/li>\n<li data-start=\"1996\" data-end=\"2032\">\n<p data-start=\"1998\" data-end=\"2032\">Learn who your data is shared with<\/p>\n<\/li>\n<li data-start=\"2033\" data-end=\"2078\">\n<p data-start=\"2035\" data-end=\"2078\">Request correction or deletion of your data<\/p>\n<\/li>\n<li data-start=\"2079\" data-end=\"2111\">\n<p data-start=\"2081\" data-end=\"2111\">Object to automated processing<\/p>\n<\/li>\n<li data-start=\"2112\" data-end=\"2155\">\n<p data-start=\"2114\" data-end=\"2155\">Seek compensation for unlawful processing<\/p>\n<\/li>\n<\/ul>\n<p data-start=\"2157\" data-end=\"2216\">To exercise your rights, contact us via <strong data-start=\"2197\" data-end=\"2215\"><a class=\"cursor-pointer\" rel=\"noopener\" data-start=\"2199\" data-end=\"2213\">info@berg.aero<\/a><\/strong>.<\/p>\n<p>\n<\/div><\/div><\/div><\/div><\/div><\/div><script id=\"script-row-unique-0\" data-row=\"script-row-unique-0\" type=\"text\/javascript\" class=\"vc_controls\">UNCODE.initRow(document.getElementById(\"row-unique-0\"));<\/script><\/div><\/div><\/div><div data-parent=\"true\" class=\"vc_row has-bg need-focus style-color-jevc-bg row-container\" id=\"booknow\"><div class=\"row quad-top-padding quad-bottom-padding single-h-padding limit-width row-parent\"><div class=\"wpb_row row-inner\"><div class=\"wpb_column pos-top pos-center align_left column_parent col-lg-12 double-internal-gutter\"><div class=\"uncol style-light\"  ><div class=\"uncoltable\"><div class=\"uncell no-block-padding\" ><div class=\"uncont\" ><div class=\"vc_row row-internal row-container\"><div class=\"row col-double-gutter row-child\"><div class=\"wpb_row row-inner\"><div class=\"wpb_column pos-top pos-center align_left column_child col-lg-3 double-internal-gutter\"><div class=\"uncol style-light sticky-element sticky-sidebar\" ><div class=\"uncoltable\"><div class=\"uncell  vc_custom_1748613677673 no-block-padding\" style=\"padding-bottom: 10px ;\" ><div class=\"uncont\" ><div class=\"empty-space empty-single mobile-hidden\" ><span class=\"empty-space-inner\"><\/span><\/div>\n<div class=\"vc_custom_heading_wrap \"><div class=\"heading-text el-text\" ><h6 class=\"custom fontspace-135905 text-color-xsdn-color fontsize-188319-custom font-size-custom text-uppercase\" ><span>Start Your Journey<\/span><\/h6><\/div><div class=\"clear\"><\/div><\/div><div class=\"vc_custom_heading_wrap \"><div class=\"heading-text el-text\" ><h2 class=\"custom text-color-xsdn-color fontsize-587996-custom font-size-custom\" ><span>info@berg.aero<\/p><\/span><span><p>&nbsp;<\/p><\/span><span><p>+90 532 397 41 36<\/p><\/span><span><p>&nbsp;<\/p><\/span><span><p>Prof. Dr. Ahmet Taner K\u0131\u015flal\u0131 Mah.<br \/><\/span><span>Beyler Cad. No:20<br \/><\/span><span>\u00c7ankaya\/ Ankara, T\u00fcrkiye<\/span><\/h2><\/div><div class=\"clear\"><\/div><\/div><\/div><\/div><\/div><\/div><\/div><div class=\"wpb_column pos-top pos-center align_left column_child col-lg-9 single-internal-gutter\"><div class=\"uncol style-light shift_y_neg_triple\" ><div class=\"uncoltable\"><div class=\"uncell double-block-padding style-color-xsdn-bg unshadow-lg unradius-sm\" ><div class=\"uncont\" ><div class=\"vc_custom_heading_wrap \"><div class=\"heading-text el-text\" ><h3 class=\"h2\" ><span>Reservation<\/span><\/h3><div><p>Your place in the sky is ready!<br \/>\nContact us now to experience the privilege of Berg Aviation. Whether for domestic or international travel, you can easily book your tailor-made VIP flight and enjoy a comfortable and secure journey.<\/p>\n<p>Flying is your choice \u2014 delivering the privilege is our mission.<\/p>\n<\/div><\/div><div class=\"clear\"><\/div><\/div>\n<div class=\"wpcf7 no-js\" id=\"wpcf7-f61789-o1\" lang=\"en-US\" dir=\"ltr\" data-wpcf7-id=\"61789\">\n<div class=\"screen-reader-response\"><p role=\"status\" aria-live=\"polite\" aria-atomic=\"true\"><\/p> <ul><\/ul><\/div>\n<form action=\"\/en\/wp-json\/wp\/v2\/pages\/156646#wpcf7-f61789-o1\" method=\"post\" class=\"wpcf7-form init\" aria-label=\"Contact form\" novalidate=\"novalidate\" data-status=\"init\">\n<fieldset class=\"hidden-fields-container\"><input type=\"hidden\" name=\"_wpcf7\" value=\"61789\" \/><input type=\"hidden\" name=\"_wpcf7_version\" value=\"6.1.5\" \/><input type=\"hidden\" name=\"_wpcf7_locale\" value=\"en_US\" \/><input type=\"hidden\" name=\"_wpcf7_unit_tag\" value=\"wpcf7-f61789-o1\" \/><input type=\"hidden\" name=\"_wpcf7_container_post\" value=\"0\" \/><input type=\"hidden\" name=\"_wpcf7_posted_data_hash\" value=\"\" \/><input type=\"hidden\" name=\"_wpcf7_recaptcha_response\" value=\"\" \/>\n<\/fieldset>\n<div class=\"wpcf7-inline-wrapper\">\n\t<p class=\"wpcf7-inline-field\"><span class=\"wpcf7-form-control-wrap\" data-name=\"from\"><input size=\"40\" maxlength=\"400\" class=\"wpcf7-form-control wpcf7-text wpcf7-validates-as-required\" aria-required=\"true\" aria-invalid=\"false\" placeholder=\"From *\" value=\"\" type=\"text\" name=\"from\" \/><\/span>\n\t<\/p>\n\t<p class=\"wpcf7-inline-field\"><span class=\"wpcf7-form-control-wrap\" data-name=\"to\"><input size=\"40\" maxlength=\"400\" class=\"wpcf7-form-control wpcf7-text wpcf7-validates-as-required\" aria-required=\"true\" aria-invalid=\"false\" placeholder=\"To *\" value=\"\" type=\"text\" name=\"to\" \/><\/span>\n\t<\/p>\n<\/div>\n<div class=\"wpcf7-inline-wrapper\">\n\t<p class=\"wpcf7-inline-field\"><span class=\"wpcf7-form-control-wrap\" data-name=\"departure\"><input class=\"wpcf7-form-control wpcf7-date wpcf7-validates-as-required wpcf7-validates-as-date wpcf7-text\" id=\"departure-date\" min=\"2026-04-10\" aria-required=\"true\" aria-invalid=\"false\" value=\"\" type=\"date\" name=\"departure\" \/><\/span>\n\t<\/p>\n\t<p class=\"wpcf7-inline-field\"><span class=\"wpcf7-form-control-wrap\" data-name=\"passengers\"><input class=\"wpcf7-form-control wpcf7-number wpcf7-validates-as-required wpcf7-validates-as-number\" min=\"0\" max=\"100\" aria-required=\"true\" aria-invalid=\"false\" placeholder=\"Passengers *\" value=\"\" type=\"number\" name=\"passengers\" \/><\/span>\n\t<\/p>\n<\/div>\n<div class=\"wpcf7-inline-wrapper\">\n\t<p class=\"wpcf7-inline-field\"><span class=\"wpcf7-form-control-wrap\" data-name=\"name\"><input size=\"40\" maxlength=\"400\" class=\"wpcf7-form-control wpcf7-text wpcf7-validates-as-required\" aria-required=\"true\" aria-invalid=\"false\" placeholder=\"Name *\" value=\"\" type=\"text\" name=\"name\" \/><\/span>\n\t<\/p>\n\t<p class=\"wpcf7-inline-field\"><span class=\"wpcf7-form-control-wrap\" data-name=\"surname\"><input size=\"40\" maxlength=\"400\" class=\"wpcf7-form-control wpcf7-text wpcf7-validates-as-required\" aria-required=\"true\" aria-invalid=\"false\" placeholder=\"Surname *\" value=\"\" type=\"text\" name=\"surname\" \/><\/span>\n\t<\/p>\n<\/div>\n<div class=\"wpcf7-inline-wrapper\">\n\t<p class=\"wpcf7-inline-field\"><span class=\"wpcf7-form-control-wrap\" data-name=\"your-email\"><input size=\"40\" maxlength=\"400\" class=\"wpcf7-form-control wpcf7-email wpcf7-validates-as-required wpcf7-text wpcf7-validates-as-email\" aria-required=\"true\" aria-invalid=\"false\" placeholder=\"Email *\" value=\"\" type=\"email\" name=\"your-email\" \/><\/span>\n\t<\/p>\n\t<p class=\"wpcf7-inline-field\"><span class=\"wpcf7-form-control-wrap\" data-name=\"telnumber\"><input size=\"40\" class=\"wpcf7-form-control wpcf7-phonetext wpcf7-validates-as-required wpcf7-text wpcf7-validates-as-phonetext\" autocomplete=\"tel\" data-numberonly=\"true\" aria-required=\"true\" aria-invalid=\"false\" placeholder=\"Phone Number\" value=\"\" type=\"text\" name=\"telnumber\" \/><input type=\"hidden\" name=\"telnumber-country-code\" class=\"wpcf7-phonetext-country-code\" \/><\/span>\n\t<\/p>\n<\/div>\n<div class=\"wpcf7-inline-wrapper\">\n<\/div>\n<p><input class=\"wpcf7-form-control wpcf7-submit has-spinner btn btn-accent btn-lg btn-flat btn-shadow-sm btn-circle btn-inherit font-weight-500\" type=\"submit\" value=\"Request a Flight\" \/>\n<\/p><div class=\"wpcf7-response-output\" aria-hidden=\"true\"><\/div>\n<\/form>\n<\/div>\n<\/div><\/div><\/div><\/div><\/div><\/div><\/div><\/div><div class=\"vc_row row-internal row-container\"><div class=\"row row-child\"><div class=\"wpb_row row-inner\"><div class=\"wpb_column pos-top pos-center align_left column_child col-lg-3 tablet-hidden mobile-hidden single-internal-gutter\"><div class=\"uncol style-light\" ><div class=\"uncoltable\"><div class=\"uncell no-block-padding\" ><div class=\"uncont\" ><\/div><\/div><\/div><\/div><\/div><div class=\"wpb_column pos-top pos-center align_left column_child col-lg-3 col-md-33 single-internal-gutter\"><div class=\"uncol style-light\" ><div class=\"uncoltable\"><div class=\"uncell no-block-padding\" ><div class=\"uncont\" ><span class=\"btn-container\" ><a role=\"button\"  href=\"https:\/\/berg.aero\/aircraft-charter-agreement\/\" class=\"custom-link fontsize-160000 border-width-0 text-color-xsdn-color btn-icon-left\" title=\"Aircraft Charter Agreement\">Aircraft Charter Agreement<\/a><\/span><\/div><\/div><\/div><\/div><\/div><div class=\"wpb_column pos-top pos-center align_left column_child col-lg-3 col-md-33 single-internal-gutter\"><div class=\"uncol style-light\" ><div class=\"uncoltable\"><div class=\"uncell no-block-padding\" ><div class=\"uncont\" ><span class=\"btn-container\" ><a role=\"button\"  href=\"https:\/\/berg.aero\/cookie-policy\/\" class=\"custom-link fontsize-160000 border-width-0 text-color-xsdn-color btn-icon-left\" title=\"Cookie Policy\">Cookie Policy<\/a><\/span><\/div><\/div><\/div><\/div><\/div><div class=\"wpb_column pos-top pos-center align_left column_child col-lg-3 col-md-33 single-internal-gutter\"><div class=\"uncol style-light\" ><div class=\"uncoltable\"><div class=\"uncell no-block-padding\" ><div class=\"uncont\" ><span class=\"btn-container\" ><a role=\"button\"  href=\"https:\/\/berg.aero\/kvkk\/\" class=\"custom-link fontsize-160000 border-width-0 text-color-xsdn-color btn-icon-left\" title=\"K.V.K.K\">K.V.K.K<\/a><\/span><\/div><\/div><\/div><\/div><\/div><\/div><\/div><\/div><\/div><\/div><\/div><\/div><\/div><script id=\"script-booknow\" data-row=\"script-booknow\" type=\"text\/javascript\" class=\"vc_controls\">UNCODE.initRow(document.getElementById(\"booknow\"));<\/script><\/div><\/div><\/div>\n<\/div>","protected":false},"excerpt":{"rendered":"(In accordance with the Turkish Personal Data Protection Law No. 6698) This Privacy Notice is issued by BERG HAVACILIK A.\u015e. [...]","protected":false},"author":1,"featured_media":0,"parent":0,"menu_order":0,"comment_status":"closed","ping_status":"closed","template":"","meta":{"footnotes":""},"class_list":["post-156646","page","type-page","status-publish","hentry"],"_links":{"self":[{"href":"https:\/\/berg.aero\/en\/wp-json\/wp\/v2\/pages\/156646","targetHints":{"allow":["GET"]}}],"collection":[{"href":"https:\/\/berg.aero\/en\/wp-json\/wp\/v2\/pages"}],"about":[{"href":"https:\/\/berg.aero\/en\/wp-json\/wp\/v2\/types\/page"}],"author":[{"embeddable":true,"href":"https:\/\/berg.aero\/en\/wp-json\/wp\/v2\/users\/1"}],"replies":[{"embeddable":true,"href":"https:\/\/berg.aero\/en\/wp-json\/wp\/v2\/comments?post=156646"}],"version-history":[{"count":3,"href":"https:\/\/berg.aero\/en\/wp-json\/wp\/v2\/pages\/156646\/revisions"}],"predecessor-version":[{"id":156698,"href":"https:\/\/berg.aero\/en\/wp-json\/wp\/v2\/pages\/156646\/revisions\/156698"}],"wp:attachment":[{"href":"https:\/\/berg.aero\/en\/wp-json\/wp\/v2\/media?parent=156646"}],"curies":[{"name":"wp","href":"https:\/\/api.w.org\/{rel}","templated":true}]}}