{"id":156648,"date":"2025-05-30T13:59:07","date_gmt":"2025-05-30T13:59:07","guid":{"rendered":"https:\/\/berg.aero\/?page_id=156648"},"modified":"2025-06-01T23:28:32","modified_gmt":"2025-06-01T23:28:32","slug":"cookie-policy","status":"publish","type":"page","link":"https:\/\/berg.aero\/en\/cookie-policy\/","title":{"rendered":"Cookie Policy"},"content":{"rendered":"<div class=\"wpb-content-wrapper\"><div data-parent=\"true\" class=\"vc_row row-container\" id=\"row-unique-0\"><div class=\"row limit-width row-parent\"><div class=\"wpb_row row-inner\"><div class=\"wpb_column pos-top pos-center align_left column_parent col-lg-12 single-internal-gutter\"><div class=\"uncol style-light\"  ><div class=\"uncoltable\"><div class=\"uncell no-block-padding\" ><div class=\"uncont\" ><div class=\"uncode_text_column\" ><\/p>\n<p data-start=\"2249\" data-end=\"2401\">This Cookie Policy explains how <strong data-start=\"2281\" data-end=\"2304\">BERG HAVACILIK A.\u015e.<\/strong> (\u201cwe\u201d, \u201cus\u201d, or \u201cour\u201d) uses cookies and similar technologies on our website <strong data-start=\"2381\" data-end=\"2400\">[<a class=\"\" href=\"http:\/\/www.berg.aero\/\" target=\"_new\" rel=\"noopener\">www.berg.aero<\/a>]<\/strong>.<\/p>\n<h4 data-start=\"2403\" data-end=\"2432\"><strong data-start=\"2408\" data-end=\"2432\">1. What Are Cookies?<\/strong><\/h4>\n<p data-start=\"2433\" data-end=\"2582\">Cookies are small data files stored on your device to enhance your browsing experience, recognize your preferences, and help us improve our services.<\/p>\n<h4 data-start=\"2584\" data-end=\"2619\"><strong data-start=\"2589\" data-end=\"2619\">2. Types of Cookies We Use<\/strong><\/h4>\n<ul data-start=\"2620\" data-end=\"2893\">\n<li data-start=\"2620\" data-end=\"2677\">\n<p data-start=\"2622\" data-end=\"2677\"><strong data-start=\"2622\" data-end=\"2644\">Essential Cookies:<\/strong> Required for site functionality.<\/p>\n<\/li>\n<li data-start=\"2678\" data-end=\"2752\">\n<p data-start=\"2680\" data-end=\"2752\"><strong data-start=\"2680\" data-end=\"2703\">Functional Cookies:<\/strong> Enable the website to remember choices you make.<\/p>\n<\/li>\n<li data-start=\"2753\" data-end=\"2825\">\n<p data-start=\"2755\" data-end=\"2825\"><strong data-start=\"2755\" data-end=\"2777\">Analytics Cookies:<\/strong> Allow us to analyze site usage and performance.<\/p>\n<\/li>\n<li data-start=\"2826\" data-end=\"2893\">\n<p data-start=\"2828\" data-end=\"2893\"><strong data-start=\"2828\" data-end=\"2852\">Advertising Cookies:<\/strong> Help us provide relevant advertisements.<\/p>\n<\/li>\n<\/ul>\n<h4 data-start=\"2895\" data-end=\"2939\"><strong data-start=\"2900\" data-end=\"2939\">3. Managing Your Cookie Preferences<\/strong><\/h4>\n<p data-start=\"2940\" data-end=\"3076\">You can control or disable cookies via your browser settings. Please note that disabling cookies may affect the website\u2019s functionality.<\/p>\n<p data-start=\"3078\" data-end=\"3104\"><strong data-start=\"3078\" data-end=\"3104\">How to manage cookies:<\/strong><\/p>\n<ul data-start=\"3105\" data-end=\"3290\">\n<li data-start=\"3105\" data-end=\"3160\">\n<p data-start=\"3107\" data-end=\"3160\"><strong data-start=\"3107\" data-end=\"3118\">Chrome:<\/strong> Settings &gt; Privacy and Security &gt; Cookies<\/p>\n<\/li>\n<li data-start=\"3161\" data-end=\"3232\">\n<p data-start=\"3163\" data-end=\"3232\"><strong data-start=\"3163\" data-end=\"3175\">Firefox:<\/strong> Preferences &gt; Privacy &amp; Security &gt; Cookies and Site Data<\/p>\n<\/li>\n<li data-start=\"3233\" data-end=\"3290\">\n<p data-start=\"3235\" data-end=\"3290\"><strong data-start=\"3235\" data-end=\"3246\">Safari:<\/strong> Preferences &gt; Privacy &gt; Manage Website Data<\/p>\n<\/li>\n<\/ul>\n<h4 data-start=\"3292\" data-end=\"3326\"><strong data-start=\"3297\" data-end=\"3326\">4. Updates to This Policy<\/strong><\/h4>\n<p data-start=\"3327\" data-end=\"3500\">We may update this policy from time to time to reflect changes in technology or legal requirements. The most current version will always be available on <strong data-start=\"3480\" data-end=\"3499\">[<a class=\"\" href=\"http:\/\/www.berg.aero\/\" target=\"_new\" rel=\"noopener\">www.berg.aero<\/a>]<\/strong>.<\/p>\n<h4 data-start=\"3502\" data-end=\"3521\"><strong data-start=\"3507\" data-end=\"3521\">Contact Us<\/strong><\/h4>\n<p data-start=\"3522\" data-end=\"3608\">If you have any questions regarding our use of cookies or this policy, please contact:<\/p>\n<p data-start=\"3610\" data-end=\"3788\"><strong data-start=\"3610\" data-end=\"3633\">BERG HAVACILIK A.\u015e.<\/strong><br data-start=\"3633\" data-end=\"3636\" \/><strong data-start=\"3636\" data-end=\"3646\">Email:<\/strong> <a class=\"cursor-pointer\" rel=\"noopener\" data-start=\"3647\" data-end=\"3661\">info@berg.aero<\/a><br data-start=\"3661\" data-end=\"3664\" \/><strong data-start=\"3664\" data-end=\"3674\">Phone:<\/strong> +90 532 397 41 36<br data-start=\"3692\" data-end=\"3695\" \/><strong data-start=\"3695\" data-end=\"3707\">Address:<\/strong> Prof. Dr. Ahmet Taner K\u0131\u015flal\u0131 Mah., Beyler Cad. No:20, \u00c7ankaya \/ Ankara, T\u00fcrkiye<\/p>\n<p>\n<\/div><\/div><\/div><\/div><\/div><\/div><script id=\"script-row-unique-0\" data-row=\"script-row-unique-0\" type=\"text\/javascript\" class=\"vc_controls\">UNCODE.initRow(document.getElementById(\"row-unique-0\"));<\/script><\/div><\/div><\/div><div data-parent=\"true\" class=\"vc_row has-bg need-focus style-color-jevc-bg row-container\" id=\"booknow\"><div class=\"row quad-top-padding quad-bottom-padding single-h-padding limit-width row-parent\"><div class=\"wpb_row row-inner\"><div class=\"wpb_column pos-top pos-center align_left column_parent col-lg-12 double-internal-gutter\"><div class=\"uncol style-light\"  ><div class=\"uncoltable\"><div class=\"uncell no-block-padding\" ><div class=\"uncont\" ><div class=\"vc_row row-internal row-container\"><div class=\"row col-double-gutter row-child\"><div class=\"wpb_row row-inner\"><div class=\"wpb_column pos-top pos-center align_left column_child col-lg-3 double-internal-gutter\"><div class=\"uncol style-light sticky-element sticky-sidebar\" ><div class=\"uncoltable\"><div class=\"uncell  vc_custom_1748613677673 no-block-padding\" style=\"padding-bottom: 10px ;\" ><div class=\"uncont\" ><div class=\"empty-space empty-single mobile-hidden\" ><span class=\"empty-space-inner\"><\/span><\/div>\n<div class=\"vc_custom_heading_wrap \"><div class=\"heading-text el-text\" ><h6 class=\"custom fontspace-135905 text-color-xsdn-color fontsize-188319-custom font-size-custom text-uppercase\" ><span>Start Your Journey<\/span><\/h6><\/div><div class=\"clear\"><\/div><\/div><div class=\"vc_custom_heading_wrap \"><div class=\"heading-text el-text\" ><h2 class=\"custom text-color-xsdn-color fontsize-587996-custom font-size-custom\" ><span>info@berg.aero<\/p><\/span><span><p>&nbsp;<\/p><\/span><span><p>+90 532 397 41 36<\/p><\/span><span><p>&nbsp;<\/p><\/span><span><p>Prof. Dr. Ahmet Taner K\u0131\u015flal\u0131 Mah.<br \/><\/span><span>Beyler Cad. No:20<br \/><\/span><span>\u00c7ankaya\/ Ankara, T\u00fcrkiye<\/span><\/h2><\/div><div class=\"clear\"><\/div><\/div><\/div><\/div><\/div><\/div><\/div><div class=\"wpb_column pos-top pos-center align_left column_child col-lg-9 single-internal-gutter\"><div class=\"uncol style-light shift_y_neg_triple\" ><div class=\"uncoltable\"><div class=\"uncell double-block-padding style-color-xsdn-bg unshadow-lg unradius-sm\" ><div class=\"uncont\" ><div class=\"vc_custom_heading_wrap \"><div class=\"heading-text el-text\" ><h3 class=\"h2\" ><span>Reservation<\/span><\/h3><div><p>Your place in the sky is ready!<br \/>\nContact us now to experience the privilege of Berg Aviation. Whether for domestic or international travel, you can easily book your tailor-made VIP flight and enjoy a comfortable and secure journey.<\/p>\n<p>Flying is your choice \u2014 delivering the privilege is our mission.<\/p>\n<\/div><\/div><div class=\"clear\"><\/div><\/div>\n<div class=\"wpcf7 no-js\" id=\"wpcf7-f61789-o1\" lang=\"en-US\" dir=\"ltr\" data-wpcf7-id=\"61789\">\n<div class=\"screen-reader-response\"><p role=\"status\" aria-live=\"polite\" aria-atomic=\"true\"><\/p> <ul><\/ul><\/div>\n<form action=\"\/en\/wp-json\/wp\/v2\/pages\/156648#wpcf7-f61789-o1\" method=\"post\" class=\"wpcf7-form init\" aria-label=\"Contact form\" novalidate=\"novalidate\" data-status=\"init\">\n<fieldset class=\"hidden-fields-container\"><input type=\"hidden\" name=\"_wpcf7\" value=\"61789\" \/><input type=\"hidden\" name=\"_wpcf7_version\" value=\"6.1.5\" \/><input type=\"hidden\" name=\"_wpcf7_locale\" value=\"en_US\" \/><input type=\"hidden\" name=\"_wpcf7_unit_tag\" value=\"wpcf7-f61789-o1\" \/><input type=\"hidden\" name=\"_wpcf7_container_post\" value=\"0\" \/><input type=\"hidden\" name=\"_wpcf7_posted_data_hash\" value=\"\" \/><input type=\"hidden\" name=\"_wpcf7_recaptcha_response\" value=\"\" \/>\n<\/fieldset>\n<div class=\"wpcf7-inline-wrapper\">\n\t<p class=\"wpcf7-inline-field\"><span class=\"wpcf7-form-control-wrap\" data-name=\"from\"><input size=\"40\" maxlength=\"400\" class=\"wpcf7-form-control wpcf7-text wpcf7-validates-as-required\" aria-required=\"true\" aria-invalid=\"false\" placeholder=\"From *\" value=\"\" type=\"text\" name=\"from\" \/><\/span>\n\t<\/p>\n\t<p class=\"wpcf7-inline-field\"><span class=\"wpcf7-form-control-wrap\" data-name=\"to\"><input size=\"40\" maxlength=\"400\" class=\"wpcf7-form-control wpcf7-text wpcf7-validates-as-required\" aria-required=\"true\" aria-invalid=\"false\" placeholder=\"To *\" value=\"\" type=\"text\" name=\"to\" \/><\/span>\n\t<\/p>\n<\/div>\n<div class=\"wpcf7-inline-wrapper\">\n\t<p class=\"wpcf7-inline-field\"><span class=\"wpcf7-form-control-wrap\" data-name=\"departure\"><input class=\"wpcf7-form-control wpcf7-date wpcf7-validates-as-required wpcf7-validates-as-date wpcf7-text\" id=\"departure-date\" min=\"2026-04-10\" aria-required=\"true\" aria-invalid=\"false\" value=\"\" type=\"date\" name=\"departure\" \/><\/span>\n\t<\/p>\n\t<p class=\"wpcf7-inline-field\"><span class=\"wpcf7-form-control-wrap\" data-name=\"passengers\"><input class=\"wpcf7-form-control wpcf7-number wpcf7-validates-as-required wpcf7-validates-as-number\" min=\"0\" max=\"100\" aria-required=\"true\" aria-invalid=\"false\" placeholder=\"Passengers *\" value=\"\" type=\"number\" name=\"passengers\" \/><\/span>\n\t<\/p>\n<\/div>\n<div class=\"wpcf7-inline-wrapper\">\n\t<p class=\"wpcf7-inline-field\"><span class=\"wpcf7-form-control-wrap\" data-name=\"name\"><input size=\"40\" maxlength=\"400\" class=\"wpcf7-form-control wpcf7-text wpcf7-validates-as-required\" aria-required=\"true\" aria-invalid=\"false\" placeholder=\"Name *\" value=\"\" type=\"text\" name=\"name\" \/><\/span>\n\t<\/p>\n\t<p class=\"wpcf7-inline-field\"><span class=\"wpcf7-form-control-wrap\" data-name=\"surname\"><input size=\"40\" maxlength=\"400\" class=\"wpcf7-form-control wpcf7-text wpcf7-validates-as-required\" aria-required=\"true\" aria-invalid=\"false\" placeholder=\"Surname *\" value=\"\" type=\"text\" name=\"surname\" \/><\/span>\n\t<\/p>\n<\/div>\n<div class=\"wpcf7-inline-wrapper\">\n\t<p class=\"wpcf7-inline-field\"><span class=\"wpcf7-form-control-wrap\" data-name=\"your-email\"><input size=\"40\" maxlength=\"400\" class=\"wpcf7-form-control wpcf7-email wpcf7-validates-as-required wpcf7-text wpcf7-validates-as-email\" aria-required=\"true\" aria-invalid=\"false\" placeholder=\"Email *\" value=\"\" type=\"email\" name=\"your-email\" \/><\/span>\n\t<\/p>\n\t<p class=\"wpcf7-inline-field\"><span class=\"wpcf7-form-control-wrap\" data-name=\"telnumber\"><input size=\"40\" class=\"wpcf7-form-control wpcf7-phonetext wpcf7-validates-as-required wpcf7-text wpcf7-validates-as-phonetext\" autocomplete=\"tel\" data-numberonly=\"true\" aria-required=\"true\" aria-invalid=\"false\" placeholder=\"Phone Number\" value=\"\" type=\"text\" name=\"telnumber\" \/><input type=\"hidden\" name=\"telnumber-country-code\" class=\"wpcf7-phonetext-country-code\" \/><\/span>\n\t<\/p>\n<\/div>\n<div class=\"wpcf7-inline-wrapper\">\n<\/div>\n<p><input class=\"wpcf7-form-control wpcf7-submit has-spinner btn btn-accent btn-lg btn-flat btn-shadow-sm btn-circle btn-inherit font-weight-500\" type=\"submit\" value=\"Request a Flight\" \/>\n<\/p><div class=\"wpcf7-response-output\" aria-hidden=\"true\"><\/div>\n<\/form>\n<\/div>\n<\/div><\/div><\/div><\/div><\/div><\/div><\/div><\/div><div class=\"vc_row row-internal row-container\"><div class=\"row row-child\"><div class=\"wpb_row row-inner\"><div class=\"wpb_column pos-top pos-center align_left column_child col-lg-3 tablet-hidden mobile-hidden single-internal-gutter\"><div class=\"uncol style-light\" ><div class=\"uncoltable\"><div class=\"uncell no-block-padding\" ><div class=\"uncont\" ><\/div><\/div><\/div><\/div><\/div><div class=\"wpb_column pos-top pos-center align_left column_child col-lg-3 col-md-33 single-internal-gutter\"><div class=\"uncol style-light\" ><div class=\"uncoltable\"><div class=\"uncell no-block-padding\" ><div class=\"uncont\" ><span class=\"btn-container\" ><a role=\"button\"  href=\"https:\/\/berg.aero\/aircraft-charter-agreement\/\" class=\"custom-link fontsize-160000 border-width-0 text-color-xsdn-color btn-icon-left\" title=\"Aircraft Charter Agreement\">Aircraft Charter Agreement<\/a><\/span><\/div><\/div><\/div><\/div><\/div><div class=\"wpb_column pos-top pos-center align_left column_child col-lg-3 col-md-33 single-internal-gutter\"><div class=\"uncol style-light\" ><div class=\"uncoltable\"><div class=\"uncell no-block-padding\" ><div class=\"uncont\" ><span class=\"btn-container\" ><a role=\"button\"  href=\"https:\/\/berg.aero\/cookie-policy\/\" class=\"custom-link fontsize-160000 border-width-0 text-color-xsdn-color btn-icon-left\" title=\"Cookie Policy\">Cookie Policy<\/a><\/span><\/div><\/div><\/div><\/div><\/div><div class=\"wpb_column pos-top pos-center align_left column_child col-lg-3 col-md-33 single-internal-gutter\"><div class=\"uncol style-light\" ><div class=\"uncoltable\"><div class=\"uncell no-block-padding\" ><div class=\"uncont\" ><span class=\"btn-container\" ><a role=\"button\"  href=\"https:\/\/berg.aero\/kvkk\/\" class=\"custom-link fontsize-160000 border-width-0 text-color-xsdn-color btn-icon-left\" title=\"K.V.K.K\">K.V.K.K<\/a><\/span><\/div><\/div><\/div><\/div><\/div><\/div><\/div><\/div><\/div><\/div><\/div><\/div><\/div><script id=\"script-booknow\" data-row=\"script-booknow\" type=\"text\/javascript\" class=\"vc_controls\">UNCODE.initRow(document.getElementById(\"booknow\"));<\/script><\/div><\/div><\/div>\n<\/div>","protected":false},"excerpt":{"rendered":"This Cookie Policy explains how BERG HAVACILIK A.\u015e. (\u201cwe\u201d, \u201cus\u201d, or \u201cour\u201d) uses cookies and similar technologies on our website [...]","protected":false},"author":1,"featured_media":0,"parent":0,"menu_order":0,"comment_status":"closed","ping_status":"closed","template":"","meta":{"footnotes":""},"class_list":["post-156648","page","type-page","status-publish","hentry"],"_links":{"self":[{"href":"https:\/\/berg.aero\/en\/wp-json\/wp\/v2\/pages\/156648","targetHints":{"allow":["GET"]}}],"collection":[{"href":"https:\/\/berg.aero\/en\/wp-json\/wp\/v2\/pages"}],"about":[{"href":"https:\/\/berg.aero\/en\/wp-json\/wp\/v2\/types\/page"}],"author":[{"embeddable":true,"href":"https:\/\/berg.aero\/en\/wp-json\/wp\/v2\/users\/1"}],"replies":[{"embeddable":true,"href":"https:\/\/berg.aero\/en\/wp-json\/wp\/v2\/comments?post=156648"}],"version-history":[{"count":5,"href":"https:\/\/berg.aero\/en\/wp-json\/wp\/v2\/pages\/156648\/revisions"}],"predecessor-version":[{"id":156697,"href":"https:\/\/berg.aero\/en\/wp-json\/wp\/v2\/pages\/156648\/revisions\/156697"}],"wp:attachment":[{"href":"https:\/\/berg.aero\/en\/wp-json\/wp\/v2\/media?parent=156648"}],"curies":[{"name":"wp","href":"https:\/\/api.w.org\/{rel}","templated":true}]}}