{"id":156636,"date":"2025-05-30T13:37:05","date_gmt":"2025-05-30T13:37:05","guid":{"rendered":"https:\/\/berg.aero\/?page_id=156636"},"modified":"2025-06-01T23:27:12","modified_gmt":"2025-06-01T23:27:12","slug":"aircraft-charter-agreement","status":"publish","type":"page","link":"https:\/\/berg.aero\/tr\/aircraft-charter-agreement\/","title":{"rendered":"U\u00e7ak Kiralama S\u00f6zle\u015fmesi"},"content":{"rendered":"<div class=\"wpb-content-wrapper\"><div data-parent=\"true\" class=\"vc_row row-container\" id=\"row-unique-0\"><div class=\"row limit-width row-parent\"><div class=\"wpb_row row-inner\"><div class=\"wpb_column pos-top pos-center align_left column_parent col-lg-12 single-internal-gutter\"><div class=\"uncol style-light\"  ><div class=\"uncoltable\"><div class=\"uncell no-block-padding\" ><div class=\"uncont\" ><div class=\"uncode_text_column\" ><\/p>\n<p data-start=\"56\" data-end=\"378\">Bu s\u00f6zle\u015fme, m\u00fc\u015fteri ile BERG HAVACILIK aras\u0131nda, Ek-A\u2019da belirtilen noktalar aras\u0131nda, yine Ek-A\u2019da belirtilen tarih ve fiyatlarda, yolcu ta\u015f\u0131mac\u0131l\u0131\u011f\u0131na ili\u015fkin i\u00e7 ve uluslararas\u0131 mevzuatlar kapsam\u0131nda ta\u015f\u0131y\u0131c\u0131n\u0131n sorumluluklar\u0131yla ilgili kural ve s\u0131n\u0131rlamalara uygun olarak ta\u015f\u0131mac\u0131l\u0131k hizmetinin organizasyonunu sa\u011flar.<\/p>\n<p data-start=\"380\" data-end=\"649\">BERG HAVACILIK arac\u0131l\u0131\u011f\u0131yla ger\u00e7ekle\u015ftirilen ta\u015f\u0131ma ve di\u011fer hizmetler \u015funlara tabidir:<br data-start=\"467\" data-end=\"470\" \/>a) Ta\u015f\u0131ma ko\u015fullar\u0131<br data-start=\"489\" data-end=\"492\" \/>b) AIR-OPS ve SHT-OPS ile ilgili d\u00fczenlemeler<br data-start=\"537\" data-end=\"540\" \/>c) Bu s\u00f6zle\u015fmede yer alan h\u00fck\u00fcmler<br data-start=\"574\" data-end=\"577\" \/>d) Ge\u00e7erli g\u00fczerg\u00e2h \u00fccretleri<br data-start=\"606\" data-end=\"609\" \/>e) Y\u00fcr\u00fcrl\u00fckteki kanun ve y\u00f6netmelikler<\/p>\n<p data-start=\"651\" data-end=\"890\">14 Ekim 1983 tarihli ve 2920 say\u0131l\u0131 T\u00fcrk Sivil Havac\u0131l\u0131k Kanunu uyar\u0131nca, i\u015fbu ta\u015f\u0131ma bu kanuna ve Var\u015fova Konvansiyonu ile bu konvansiyonu de\u011fi\u015ftiren Lahey Protokol\u00fc kapsam\u0131nda belirlenen sorumluluk kurallar\u0131na ve s\u0131n\u0131rlamalar\u0131na tabidir.<\/p>\n<p data-start=\"892\" data-end=\"1088\">Ticari Hava Ta\u015f\u0131mac\u0131l\u0131\u011f\u0131na ili\u015fkin SHY-6A y\u00f6netmeli\u011fi kapsam\u0131ndaki Hava Taksi \u0130\u015fletmecilerine ili\u015fkin kurallara uygun olarak, bu s\u00f6zle\u015fme s\u00f6zle\u015fmede belirtilen tam u\u00e7a\u011f\u0131n kiralanmas\u0131n\u0131 ifade eder.<\/p>\n<p data-start=\"1090\" data-end=\"1518\">BERG HAVACILIK, s\u00f6zle\u015fmede belirtilen tarih ve \u015fartlarda yolcu, bagaj veya kargonun ta\u015f\u0131nmas\u0131 i\u00e7in azami gayreti g\u00f6sterecektir. Ancak, meteorolojik ko\u015fullar, teknik ar\u0131zalar, fazla bagaj veya g\u00fczerg\u00e2h de\u011fi\u015fikliklerinden kaynaklanan iptal veya gecikmelerden BERG HAVACILIK sorumlu de\u011fildir. BERG HAVACILIK, s\u00f6zle\u015fme imzalanm\u0131\u015f olsa dahi, herhangi bir sebep g\u00f6stermeksizin \u00f6demeyi iade ederek u\u00e7u\u015fu iptal etme hakk\u0131n\u0131 sakl\u0131 tutar.<\/p>\n<p data-start=\"1520\" data-end=\"1616\">S\u00f6zle\u015fme sadece kirac\u0131 (kurum), g\u00fczerg\u00e2h ve belirtilen tarihler i\u00e7in ge\u00e7erlidir ve devredilemez.<\/p>\n<p data-start=\"1618\" data-end=\"1769\">\u00dccretler u\u00e7u\u015f \u00f6ncesinde \u00f6denmeli ve iade edilmez.<br data-start=\"1667\" data-end=\"1670\" \/>A\u015fa\u011f\u0131daki oranlarda, u\u00e7u\u015f \u00f6ncesi iptal durumunda m\u00fc\u015fteri \u00fccretin belli bir k\u0131sm\u0131n\u0131 geri alabilir:<\/p>\n<ul data-start=\"1771\" data-end=\"1968\">\n<li data-start=\"1771\" data-end=\"1840\">\n<p data-start=\"1773\" data-end=\"1840\">S\u00f6zle\u015fme imzaland\u0131ktan sonra iptal edilirse, u\u00e7u\u015f \u00fccretinin %75\u2019i<\/p>\n<\/li>\n<li data-start=\"1841\" data-end=\"1896\">\n<p data-start=\"1843\" data-end=\"1896\">U\u00e7u\u015ftan 5 g\u00fcn \u00f6ncesine kadar iptal edilirse, %50\u2019si<\/p>\n<\/li>\n<li data-start=\"1897\" data-end=\"1968\">\n<p data-start=\"1899\" data-end=\"1968\">U\u00e7u\u015ftan 8 saat veya daha az kala iptal edilirse, %25\u2019i iade edilir.<\/p>\n<\/li>\n<\/ul>\n<p data-start=\"1970\" data-end=\"2074\">BERG HAVACILIK taraf\u0131ndan yap\u0131lan iptallerde, u\u00e7ulan k\u0131sm\u0131n \u00fccreti d\u00fc\u015f\u00fcld\u00fckten sonra geri \u00f6deme yap\u0131l\u0131r.<\/p>\n<p data-start=\"2076\" data-end=\"2238\">Havaliman\u0131 g\u00fcvenlik kontrol\u00fcnden ge\u00e7emeyen ki\u015fi u\u00e7a\u011fa binemez; ge\u00e7erli s\u00f6zle\u015fme olsa dahi BERG HAVACILIK ta\u015f\u0131may\u0131 ger\u00e7ekle\u015ftiremez. Bu durumda \u00fccret iade edilmez.<\/p>\n<p data-start=\"2240\" data-end=\"2459\">Yolcu, t\u00fcm devlet seyahat gereksinimlerine uymak, gerekli k\u0131s\u0131tlamalara riayet etmek ve kalk\u0131\u015f i\u015flemlerinin tamamlanabilmesi i\u00e7in kalk\u0131\u015ftan yar\u0131m saat \u00f6nce veya erken belirlenen saatte havaliman\u0131nda bulunmak zorundad\u0131r.<\/p>\n<p data-start=\"2461\" data-end=\"2548\">A\u015fa\u011f\u0131daki maddeler, ta\u015f\u0131y\u0131c\u0131n\u0131n onay\u0131 ve anla\u015fmas\u0131 olmadan yolcu bagaj\u0131nda ta\u015f\u0131namaz:<\/p>\n<ul data-start=\"2549\" data-end=\"2902\">\n<li data-start=\"2549\" data-end=\"2602\">\n<p data-start=\"2551\" data-end=\"2602\">Bas\u0131n\u00e7l\u0131 gazlar (yan\u0131c\u0131, yan\u0131c\u0131 olmayan, zehirli)<\/p>\n<\/li>\n<li data-start=\"2603\" data-end=\"2665\">\n<p data-start=\"2605\" data-end=\"2665\">A\u015f\u0131nd\u0131r\u0131c\u0131 maddeler (asitler, alkaliler, \u0131slak piller vb.)<\/p>\n<\/li>\n<li data-start=\"2666\" data-end=\"2718\">\n<p data-start=\"2668\" data-end=\"2718\">Patlay\u0131c\u0131lar, havai fi\u015fekler ve i\u015faret fi\u015fekleri<\/p>\n<\/li>\n<li data-start=\"2719\" data-end=\"2745\">\n<p data-start=\"2721\" data-end=\"2745\">Yan\u0131c\u0131 s\u0131v\u0131 ve kat\u0131lar<\/p>\n<\/li>\n<li data-start=\"2746\" data-end=\"2802\">\n<p data-start=\"2748\" data-end=\"2802\">Oksitleyici maddeler (a\u011fart\u0131c\u0131 toz, peroksitler vb.)<\/p>\n<\/li>\n<li data-start=\"2803\" data-end=\"2823\">\n<p data-start=\"2805\" data-end=\"2823\">Zehirli maddeler<\/p>\n<\/li>\n<li data-start=\"2824\" data-end=\"2847\">\n<p data-start=\"2826\" data-end=\"2847\">Radyoaktif maddeler<\/p>\n<\/li>\n<li data-start=\"2848\" data-end=\"2902\">\n<p data-start=\"2850\" data-end=\"2902\">Di\u011fer k\u0131s\u0131tl\u0131 maddeler (civa, manyetik materyal vb.)<\/p>\n<\/li>\n<\/ul>\n<p data-start=\"2904\" data-end=\"3037\">Cep telefonlar\u0131, diz\u00fcst\u00fc bilgisayarlar, Discman, Walkman vb. u\u00e7u\u015f s\u0131ras\u0131nda kesinlikle kullan\u0131lamaz ve her zaman kapal\u0131 tutulmal\u0131d\u0131r.<\/p>\n<p data-start=\"3039\" data-end=\"3246\">Gidi\u015f-d\u00f6n\u00fc\u015f u\u00e7u\u015flarda u\u00e7u\u015f s\u00fcresi 2 saatten fazla ise ayn\u0131 g\u00fcn bekleme \u00fccretsizdir. Gece kal\u0131nmas\u0131 durumunda (RON), m\u00fcrettebat\u0131n konaklama ve yemek giderlerine ek olarak u\u00e7u\u015f saatleri ekstra \u00fccretlendirilir.<\/p>\n<p data-start=\"3248\" data-end=\"3375\">BERG HAVACILIK, ge\u00e7erli yasa ve kendi i\u00e7 kurallar\u0131na ayk\u0131r\u0131 bilet talebinde bulunanlar\u0131n ta\u015f\u0131nmas\u0131n\u0131 reddetme hakk\u0131na sahiptir.<\/p>\n<p data-start=\"3377\" data-end=\"3557\">BERG HAVACILIK personeli veya temsilcisi, bu s\u00f6zle\u015fmenin herhangi bir h\u00fckm\u00fcn\u00fc de\u011fi\u015ftirme, iptal etme veya feragat etme yetkisine sahip de\u011fildir; bu t\u00fcr anla\u015fmalar ge\u00e7ersiz say\u0131l\u0131r.<\/p>\n<p data-start=\"3559\" data-end=\"3616\">Buzlanma \u00f6nleme \/ buz \u00e7\u00f6zme maliyetleri m\u00fc\u015fteriye aittir.<\/p>\n<p data-start=\"3618\" data-end=\"3799\">Sava\u015f Riski Sigortas\u0131, anla\u015f\u0131lan fiyat\u0131n i\u00e7eri\u011finde de\u011fildir. U\u00e7u\u015f g\u00fczergah\u0131ndaki herhangi bir noktada ek sava\u015f riski sigorta primi \u00e7\u0131karsa, bu tutar m\u00fc\u015fteriye ayr\u0131ca fatura edilir.<\/p>\n<p data-start=\"3801\" data-end=\"4144\">BERG HAVACILIK, Avrupa ve ABD yapt\u0131r\u0131m listelerindeki b\u00f6lgelere u\u00e7may\u0131 ve ABD, BM, AB, \u0130ngiltere, \u0130svi\u00e7re, Liechtenstein yapt\u0131r\u0131m listelerindeki yolcular\u0131 ta\u015f\u0131may\u0131 kesinlikle reddeder. Yolcular\u0131n yapt\u0131r\u0131m listesinde olup olmad\u0131\u011f\u0131n\u0131 kontrol etmek ve yapt\u0131r\u0131m kapsam\u0131ndaki ki\u015filerin u\u00e7a\u011fa binmesini engellemek m\u00fc\u015fterinin yasal sorumlulu\u011fundad\u0131r.<\/p>\n<p>\n<\/div><\/div><\/div><\/div><\/div><\/div><script id=\"script-row-unique-0\" data-row=\"script-row-unique-0\" type=\"text\/javascript\" class=\"vc_controls\">UNCODE.initRow(document.getElementById(\"row-unique-0\"));<\/script><\/div><\/div><\/div><div data-parent=\"true\" class=\"vc_row has-bg need-focus style-color-jevc-bg row-container\" id=\"booknow\"><div class=\"row quad-top-padding quad-bottom-padding single-h-padding limit-width row-parent\"><div class=\"wpb_row row-inner\"><div class=\"wpb_column pos-top pos-center align_left column_parent col-lg-12 double-internal-gutter\"><div class=\"uncol style-light\"  ><div class=\"uncoltable\"><div class=\"uncell no-block-padding\" ><div class=\"uncont\" ><div class=\"vc_row row-internal row-container\"><div class=\"row col-double-gutter row-child\"><div class=\"wpb_row row-inner\"><div class=\"wpb_column pos-top pos-center align_left column_child col-lg-3 double-internal-gutter\"><div class=\"uncol style-light sticky-element sticky-sidebar\" ><div class=\"uncoltable\"><div class=\"uncell  vc_custom_1748613677673 no-block-padding\" style=\"padding-bottom: 10px ;\" ><div class=\"uncont\" ><div class=\"empty-space empty-single mobile-hidden\" ><span class=\"empty-space-inner\"><\/span><\/div>\n<div class=\"vc_custom_heading_wrap\"><div class=\"heading-text el-text\" ><h6 class=\"custom fontspace-135905 text-color-xsdn-color fontsize-188319-custom font-size-custom text-uppercase\" ><span>Yolculu\u011funuza Ba\u015flay\u0131n<\/span><\/h6><\/div><div class=\"clear\"><\/div><\/div><div class=\"vc_custom_heading_wrap\"><div class=\"heading-text el-text\" ><h2 class=\"custom text-color-xsdn-color fontsize-587996-custom font-size-custom\" ><span>info@berg.aero<\/p><\/span><span><p>&nbsp;<\/p><\/span><span><p>+90 532 397 41 36<\/p><\/span><span><p>&nbsp;<\/p><\/span><span><p>Prof. Dr. Ahmet Taner K\u0131\u015flal\u0131 Mah.<br \/><\/span><span>Beyler Cad. No:20<br \/><\/span><span>\u00c7ankaya\/ Ankara, T\u00fcrkiye<\/span><\/h2><\/div><div class=\"clear\"><\/div><\/div><\/div><\/div><\/div><\/div><\/div><div class=\"wpb_column pos-top pos-center align_left column_child col-lg-9 single-internal-gutter\"><div class=\"uncol style-light shift_y_neg_triple\" ><div class=\"uncoltable\"><div class=\"uncell double-block-padding style-color-xsdn-bg unshadow-lg unradius-sm\" ><div class=\"uncont\" ><div class=\"vc_custom_heading_wrap\"><div class=\"heading-text el-text\" ><h3 class=\"h2\" ><span>Rezervasyon<\/span><\/h3><div><p>G\u00f6ky\u00fcz\u00fcndeki yeriniz haz\u0131r!<br \/>\nBerg Aviation ayr\u0131cal\u0131\u011f\u0131n\u0131 ya\u015famak i\u00e7in hemen bizimle ileti\u015fime ge\u00e7in. \u0130ster yurt i\u00e7i ister yurt d\u0131\u015f\u0131 seyahatlerinizde, size \u00f6zel VIP u\u00e7u\u015funuzu kolayca rezerve edin ve konforlu, g\u00fcvenli bir yolculu\u011fun keyfini \u00e7\u0131kar\u0131n.<\/p>\n<p>U\u00e7mak sizin tercihiniz \u2014 ayr\u0131cal\u0131\u011f\u0131 sunmak ise bizim g\u00f6revimiz.<\/p>\n<\/div><\/div><div class=\"clear\"><\/div><\/div>\n<div class=\"wpcf7 no-js\" id=\"wpcf7-f61789-o1\" lang=\"en-US\" dir=\"ltr\" data-wpcf7-id=\"61789\">\n<div class=\"screen-reader-response\"><p role=\"status\" aria-live=\"polite\" aria-atomic=\"true\"><\/p> <ul><\/ul><\/div>\n<form action=\"\/tr\/wp-json\/wp\/v2\/pages\/156636#wpcf7-f61789-o1\" method=\"post\" class=\"wpcf7-form init\" aria-label=\"Contact form\" novalidate=\"novalidate\" data-status=\"init\" data-trp-original-action=\"\/tr\/wp-json\/wp\/v2\/pages\/156636#wpcf7-f61789-o1\">\n<fieldset class=\"hidden-fields-container\"><input type=\"hidden\" name=\"_wpcf7\" value=\"61789\" \/><input type=\"hidden\" name=\"_wpcf7_version\" value=\"6.1.5\" \/><input type=\"hidden\" name=\"_wpcf7_locale\" value=\"en_US\" \/><input type=\"hidden\" name=\"_wpcf7_unit_tag\" value=\"wpcf7-f61789-o1\" \/><input type=\"hidden\" name=\"_wpcf7_container_post\" value=\"0\" \/><input type=\"hidden\" name=\"_wpcf7_posted_data_hash\" value=\"\" \/><input type=\"hidden\" name=\"_wpcf7_recaptcha_response\" value=\"\" \/>\n<\/fieldset>\n<div class=\"wpcf7-inline-wrapper\">\n\t<p class=\"wpcf7-inline-field\"><span class=\"wpcf7-form-control-wrap\" data-name=\"from\"><input size=\"40\" maxlength=\"400\" class=\"wpcf7-form-control wpcf7-text wpcf7-validates-as-required\" aria-required=\"true\" aria-invalid=\"false\" placeholder=\"Kalk\u0131\u015f *\" value=\"\" type=\"text\" name=\"from\" \/><\/span>\n\t<\/p>\n\t<p class=\"wpcf7-inline-field\"><span class=\"wpcf7-form-control-wrap\" data-name=\"to\"><input size=\"40\" maxlength=\"400\" class=\"wpcf7-form-control wpcf7-text wpcf7-validates-as-required\" aria-required=\"true\" aria-invalid=\"false\" placeholder=\"\u0130ni\u015f *\" value=\"\" type=\"text\" name=\"to\" \/><\/span>\n\t<\/p>\n<\/div>\n<div class=\"wpcf7-inline-wrapper\">\n\t<p class=\"wpcf7-inline-field\"><span class=\"wpcf7-form-control-wrap\" data-name=\"departure\"><input class=\"wpcf7-form-control wpcf7-date wpcf7-validates-as-required wpcf7-validates-as-date wpcf7-text\" id=\"departure-date\" min=\"2026-04-10\" aria-required=\"true\" aria-invalid=\"false\" value=\"\" type=\"date\" name=\"departure\" \/><\/span>\n\t<\/p>\n\t<p class=\"wpcf7-inline-field\"><span class=\"wpcf7-form-control-wrap\" data-name=\"passengers\"><input class=\"wpcf7-form-control wpcf7-number wpcf7-validates-as-required wpcf7-validates-as-number\" min=\"0\" max=\"100\" aria-required=\"true\" aria-invalid=\"false\" placeholder=\"Yolcu Say\u0131s\u0131 *\" value=\"\" type=\"number\" name=\"passengers\" \/><\/span>\n\t<\/p>\n<\/div>\n<div class=\"wpcf7-inline-wrapper\">\n\t<p class=\"wpcf7-inline-field\"><span class=\"wpcf7-form-control-wrap\" data-name=\"name\"><input size=\"40\" maxlength=\"400\" class=\"wpcf7-form-control wpcf7-text wpcf7-validates-as-required\" aria-required=\"true\" aria-invalid=\"false\" placeholder=\"\u0130sim *\" value=\"\" type=\"text\" name=\"name\" \/><\/span>\n\t<\/p>\n\t<p class=\"wpcf7-inline-field\"><span class=\"wpcf7-form-control-wrap\" data-name=\"surname\"><input size=\"40\" maxlength=\"400\" class=\"wpcf7-form-control wpcf7-text wpcf7-validates-as-required\" aria-required=\"true\" aria-invalid=\"false\" placeholder=\"Soyisim *\" value=\"\" type=\"text\" name=\"surname\" \/><\/span>\n\t<\/p>\n<\/div>\n<div class=\"wpcf7-inline-wrapper\">\n\t<p class=\"wpcf7-inline-field\"><span class=\"wpcf7-form-control-wrap\" data-name=\"your-email\"><input size=\"40\" maxlength=\"400\" class=\"wpcf7-form-control wpcf7-email wpcf7-validates-as-required wpcf7-text wpcf7-validates-as-email\" aria-required=\"true\" aria-invalid=\"false\" placeholder=\"E-posta *\" value=\"\" type=\"email\" name=\"your-email\" \/><\/span>\n\t<\/p>\n\t<p class=\"wpcf7-inline-field\"><span class=\"wpcf7-form-control-wrap\" data-name=\"telnumber\"><input size=\"40\" class=\"wpcf7-form-control wpcf7-phonetext wpcf7-validates-as-required wpcf7-text wpcf7-validates-as-phonetext\" autocomplete=\"tel\" data-numberonly=\"true\" aria-required=\"true\" aria-invalid=\"false\" placeholder=\"Phone Number\" value=\"\" type=\"text\" name=\"telnumber\" \/><input type=\"hidden\" name=\"telnumber-country-code\" class=\"wpcf7-phonetext-country-code\" \/><\/span>\n\t<\/p>\n<\/div>\n<div class=\"wpcf7-inline-wrapper\">\n<\/div>\n<p><input class=\"wpcf7-form-control wpcf7-submit has-spinner btn btn-accent btn-lg btn-flat btn-shadow-sm btn-circle btn-inherit font-weight-500\" type=\"submit\" value=\"U\u00e7u\u015f Talep Et\" \/>\n<\/p><div class=\"wpcf7-response-output\" aria-hidden=\"true\"><\/div>\n<input type=\"hidden\" name=\"trp-form-language\" value=\"tr\"\/><\/form>\n<\/div>\n<\/div><\/div><\/div><\/div><\/div><\/div><\/div><\/div><div class=\"vc_row row-internal row-container\"><div class=\"row row-child\"><div class=\"wpb_row row-inner\"><div class=\"wpb_column pos-top pos-center align_left column_child col-lg-3 tablet-hidden mobile-hidden single-internal-gutter\"><div class=\"uncol style-light\" ><div class=\"uncoltable\"><div class=\"uncell no-block-padding\" ><div class=\"uncont\" ><\/div><\/div><\/div><\/div><\/div><div class=\"wpb_column pos-top pos-center align_left column_child col-lg-3 col-md-33 single-internal-gutter\"><div class=\"uncol style-light\" ><div class=\"uncoltable\"><div class=\"uncell no-block-padding\" ><div class=\"uncont\" ><span class=\"btn-container\" ><a role=\"button\"  href=\"https:\/\/berg.aero\/tr\/aircraft-charter-agreement\/\" class=\"custom-link fontsize-160000 border-width-0 text-color-xsdn-color btn-icon-left\" title=\"U\u00e7ak Kiralama S\u00f6zle\u015fmesi\">U\u00e7ak Kiralama S\u00f6zle\u015fmesi<\/a><\/span><\/div><\/div><\/div><\/div><\/div><div class=\"wpb_column pos-top pos-center align_left column_child col-lg-3 col-md-33 single-internal-gutter\"><div class=\"uncol style-light\" ><div class=\"uncoltable\"><div class=\"uncell no-block-padding\" ><div class=\"uncont\" ><span class=\"btn-container\" ><a role=\"button\"  href=\"https:\/\/berg.aero\/tr\/cookie-policy\/\" class=\"custom-link fontsize-160000 border-width-0 text-color-xsdn-color btn-icon-left\" title=\"\u00c7erez Politikas\u0131\">\u00c7erez Politikas\u0131<\/a><\/span><\/div><\/div><\/div><\/div><\/div><div class=\"wpb_column pos-top pos-center align_left column_child col-lg-3 col-md-33 single-internal-gutter\"><div class=\"uncol style-light\" ><div class=\"uncoltable\"><div class=\"uncell no-block-padding\" ><div class=\"uncont\" ><span class=\"btn-container\" ><a role=\"button\"  href=\"https:\/\/berg.aero\/tr\/kvkk\/\" class=\"custom-link fontsize-160000 border-width-0 text-color-xsdn-color btn-icon-left\" title=\"K.V.K.K\">K.V.K.K<\/a><\/span><\/div><\/div><\/div><\/div><\/div><\/div><\/div><\/div><\/div><\/div><\/div><\/div><\/div><script id=\"script-booknow\" data-row=\"script-booknow\" type=\"text\/javascript\" class=\"vc_controls\">UNCODE.initRow(document.getElementById(\"booknow\"));<\/script><\/div><\/div><\/div>\n<\/div>","protected":false},"excerpt":{"rendered":"Bu s\u00f6zle\u015fme, m\u00fc\u015fteri ile BERG HAVACILIK aras\u0131nda, Ek-A\u2019da belirtilen noktalar aras\u0131nda, yine Ek-A\u2019da belirtilen tarih ve fiyatlarda, yolcu ta\u015f\u0131mac\u0131l\u0131\u011f\u0131na ili\u015fkin [...]","protected":false},"author":1,"featured_media":0,"parent":0,"menu_order":0,"comment_status":"closed","ping_status":"closed","template":"","meta":{"footnotes":""},"class_list":["post-156636","page","type-page","status-publish","hentry"],"_links":{"self":[{"href":"https:\/\/berg.aero\/tr\/wp-json\/wp\/v2\/pages\/156636","targetHints":{"allow":["GET"]}}],"collection":[{"href":"https:\/\/berg.aero\/tr\/wp-json\/wp\/v2\/pages"}],"about":[{"href":"https:\/\/berg.aero\/tr\/wp-json\/wp\/v2\/types\/page"}],"author":[{"embeddable":true,"href":"https:\/\/berg.aero\/tr\/wp-json\/wp\/v2\/users\/1"}],"replies":[{"embeddable":true,"href":"https:\/\/berg.aero\/tr\/wp-json\/wp\/v2\/comments?post=156636"}],"version-history":[{"count":7,"href":"https:\/\/berg.aero\/tr\/wp-json\/wp\/v2\/pages\/156636\/revisions"}],"predecessor-version":[{"id":156696,"href":"https:\/\/berg.aero\/tr\/wp-json\/wp\/v2\/pages\/156636\/revisions\/156696"}],"wp:attachment":[{"href":"https:\/\/berg.aero\/tr\/wp-json\/wp\/v2\/media?parent=156636"}],"curies":[{"name":"wp","href":"https:\/\/api.w.org\/{rel}","templated":true}]}}