{"id":156646,"date":"2025-05-30T13:58:05","date_gmt":"2025-05-30T13:58:05","guid":{"rendered":"https:\/\/berg.aero\/?page_id=156646"},"modified":"2025-06-01T23:29:52","modified_gmt":"2025-06-01T23:29:52","slug":"kvkk","status":"publish","type":"page","link":"https:\/\/berg.aero\/tr\/kvkk\/","title":{"rendered":"K.V.K.K"},"content":{"rendered":"<div class=\"wpb-content-wrapper\"><div data-parent=\"true\" class=\"vc_row row-container\" id=\"row-unique-0\"><div class=\"row limit-width row-parent\"><div class=\"wpb_row row-inner\"><div class=\"wpb_column pos-top pos-center align_left column_parent col-lg-12 single-internal-gutter\"><div class=\"uncol style-light\"  ><div class=\"uncoltable\"><div class=\"uncell no-block-padding\" ><div class=\"uncont\" ><div class=\"uncode_text_column\" ><\/p>\n<p data-start=\"46\" data-end=\"114\"><strong data-start=\"46\" data-end=\"114\">(6698 Say\u0131l\u0131 Ki\u015fisel Verilerin Korunmas\u0131 Kanunu\u2019na Uygun Olarak)<\/strong><\/p>\n<p data-start=\"116\" data-end=\"467\">Bu Gizlilik Bildirimi, BERG HAVACILIK A.\u015e. (\u201c\u015eirket\u201d, \u201cbiz\u201d, \u201cbize\u201d) taraf\u0131ndan, 6698 say\u0131l\u0131 Ki\u015fisel Verilerin Korunmas\u0131 Kanunu (\u201cKVKK\u201d) uyar\u0131nca veri sorumlusu olarak haz\u0131rlanm\u0131\u015ft\u0131r ve web sitemiz [<a class=\"\" href=\"http:\/\/www.berg.aero\/\" target=\"_new\" rel=\"noopener\">www.berg.aero<\/a>] \u00fczerinden ki\u015fisel verilerinizin nas\u0131l topland\u0131\u011f\u0131, i\u015flendi\u011fi, sakland\u0131\u011f\u0131 ve korundu\u011fu hakk\u0131nda sizi bilgilendirmek amac\u0131yla sunulmaktad\u0131r.<\/p>\n<p data-start=\"469\" data-end=\"657\"><strong data-start=\"469\" data-end=\"490\">1. Veri Sorumlusu<\/strong><br data-start=\"490\" data-end=\"493\" \/>BERG HAVACILIK A.\u015e.<br data-start=\"512\" data-end=\"515\" \/>Adres: Prof. Dr. Ahmet Taner K\u0131\u015flal\u0131 Mah., Beyler Cad. No:20, \u00c7ankaya \/ Ankara, T\u00fcrkiye<br data-start=\"602\" data-end=\"605\" \/>E-posta: <a class=\"cursor-pointer\" rel=\"noopener\" data-start=\"614\" data-end=\"628\">info@berg.aero<\/a><br data-start=\"628\" data-end=\"631\" \/>Telefon: +90 532 397 41 36<\/p>\n<p data-start=\"659\" data-end=\"747\"><strong data-start=\"659\" data-end=\"690\">2. Toplanan Ki\u015fisel Veriler<\/strong><br data-start=\"690\" data-end=\"693\" \/>A\u015fa\u011f\u0131daki kategorilerde ki\u015fisel veriler i\u015flenebilir:<\/p>\n<ul data-start=\"748\" data-end=\"902\">\n<li data-start=\"748\" data-end=\"778\">\n<p data-start=\"750\" data-end=\"778\">Kimlik bilgileri (tam ad\u0131)<\/p>\n<\/li>\n<li data-start=\"779\" data-end=\"836\">\n<p data-start=\"781\" data-end=\"836\">\u0130leti\u015fim bilgileri (e-posta adresi, telefon numaras\u0131)<\/p>\n<\/li>\n<li data-start=\"837\" data-end=\"870\">\n<p data-start=\"839\" data-end=\"870\">U\u00e7u\u015f ve rezervasyon bilgileri<\/p>\n<\/li>\n<li data-start=\"871\" data-end=\"902\">\n<p data-start=\"873\" data-end=\"902\">IP adresi ve tarama davran\u0131\u015f\u0131<\/p>\n<\/li>\n<\/ul>\n<p data-start=\"904\" data-end=\"982\"><strong data-start=\"904\" data-end=\"931\">3. Veri \u0130\u015fleme Ama\u00e7lar\u0131<\/strong><br data-start=\"931\" data-end=\"934\" \/>Verileriniz a\u015fa\u011f\u0131daki ama\u00e7larla i\u015flenmektedir:<\/p>\n<ul data-start=\"983\" data-end=\"1175\">\n<li data-start=\"983\" data-end=\"1029\">\n<p data-start=\"985\" data-end=\"1029\">U\u00e7u\u015f rezervasyonlar\u0131n\u0131n y\u00f6netimi ve teyidi<\/p>\n<\/li>\n<li data-start=\"1030\" data-end=\"1083\">\n<p data-start=\"1032\" data-end=\"1083\">M\u00fc\u015fteri deste\u011fi sa\u011flamak ve sorulara yan\u0131t vermek<\/p>\n<\/li>\n<li data-start=\"1084\" data-end=\"1122\">\n<p data-start=\"1086\" data-end=\"1122\">Yasal y\u00fck\u00fcml\u00fcl\u00fcklere uyum sa\u011flamak<\/p>\n<\/li>\n<li data-start=\"1123\" data-end=\"1175\">\n<p data-start=\"1125\" data-end=\"1175\">Hizmetlerimizi ve kullan\u0131c\u0131 deneyimini geli\u015ftirmek<\/p>\n<\/li>\n<\/ul>\n<p data-start=\"1177\" data-end=\"1268\"><strong data-start=\"1177\" data-end=\"1207\">4. \u0130\u015fleme Hukuki Sebepleri<\/strong><br data-start=\"1207\" data-end=\"1210\" \/>Ki\u015fisel verileriniz a\u015fa\u011f\u0131daki hukuki sebeplerle i\u015flenir:<\/p>\n<ul data-start=\"1269\" data-end=\"1429\">\n<li data-start=\"1269\" data-end=\"1315\">\n<p data-start=\"1271\" data-end=\"1315\">Gerekli durumlarda a\u00e7\u0131k r\u0131zan\u0131z\u0131n al\u0131nmas\u0131<\/p>\n<\/li>\n<li data-start=\"1316\" data-end=\"1376\">\n<p data-start=\"1318\" data-end=\"1376\">Bir s\u00f6zle\u015fmenin kurulmas\u0131 veya ifas\u0131 ile ilgili i\u015flemler<\/p>\n<\/li>\n<li data-start=\"1377\" data-end=\"1406\">\n<p data-start=\"1379\" data-end=\"1406\">Yasal y\u00fck\u00fcml\u00fcl\u00fcklere uyum<\/p>\n<\/li>\n<li data-start=\"1407\" data-end=\"1429\">\n<p data-start=\"1409\" data-end=\"1429\">Me\u015fru menfaatlerimiz<\/p>\n<\/li>\n<\/ul>\n<p data-start=\"1431\" data-end=\"1491\"><strong data-start=\"1431\" data-end=\"1466\">5. Veri Payla\u015f\u0131m\u0131 ve Aktar\u0131mlar<\/strong><br data-start=\"1466\" data-end=\"1469\" \/>Ki\u015fisel verileriniz;<\/p>\n<ul data-start=\"1492\" data-end=\"1673\">\n<li data-start=\"1492\" data-end=\"1547\">\n<p data-start=\"1494\" data-end=\"1547\">Yurti\u00e7indeki hizmet sa\u011flay\u0131c\u0131lar ve i\u015f ortaklar\u0131yla<\/p>\n<\/li>\n<li data-start=\"1548\" data-end=\"1673\">\n<p data-start=\"1550\" data-end=\"1673\">Kanunen yetkili kamu kurumlar\u0131 ile payla\u015f\u0131labilir.<br data-start=\"1600\" data-end=\"1603\" \/>Verileriniz, KVKK\u2019ya uygunluk sa\u011flanmad\u0131k\u00e7a T\u00fcrkiye d\u0131\u015f\u0131na aktar\u0131lmaz.<\/p>\n<\/li>\n<\/ul>\n<p data-start=\"1675\" data-end=\"1744\"><strong data-start=\"1675\" data-end=\"1710\">6. KVKK Kapsam\u0131ndaki Haklar\u0131n\u0131z<\/strong><br data-start=\"1710\" data-end=\"1713\" \/>A\u015fa\u011f\u0131daki haklara sahipsiniz:<\/p>\n<ul data-start=\"1745\" data-end=\"2089\">\n<li data-start=\"1745\" data-end=\"1800\">\n<p data-start=\"1747\" data-end=\"1800\">Ki\u015fisel verilerinizin i\u015flenip i\u015flenmedi\u011fini \u00f6\u011frenme<\/p>\n<\/li>\n<li data-start=\"1801\" data-end=\"1846\">\n<p data-start=\"1803\" data-end=\"1846\">\u0130\u015flenen veriler hakk\u0131nda bilgi talep etme<\/p>\n<\/li>\n<li data-start=\"1847\" data-end=\"1876\">\n<p data-start=\"1849\" data-end=\"1876\">\u0130\u015fleme ama\u00e7lar\u0131n\u0131 \u00f6\u011frenme<\/p>\n<\/li>\n<li data-start=\"1877\" data-end=\"1926\">\n<p data-start=\"1879\" data-end=\"1926\">Verilerinizin kimlerle payla\u015f\u0131ld\u0131\u011f\u0131n\u0131 \u00f6\u011frenme<\/p>\n<\/li>\n<li data-start=\"1927\" data-end=\"1987\">\n<p data-start=\"1929\" data-end=\"1987\">Verilerinizin d\u00fczeltilmesini veya silinmesini talep etme<\/p>\n<\/li>\n<li data-start=\"1988\" data-end=\"2036\">\n<p data-start=\"1990\" data-end=\"2036\">Otomatik karar verme s\u00fcre\u00e7lerine itiraz etme<\/p>\n<\/li>\n<li data-start=\"2037\" data-end=\"2089\">\n<p data-start=\"2039\" data-end=\"2089\">Hukuka ayk\u0131r\u0131 i\u015fleme nedeniyle tazminat talep etme<\/p>\n<\/li>\n<\/ul>\n<p data-start=\"2091\" data-end=\"2183\">Haklar\u0131n\u0131z\u0131 kullanmak i\u00e7in bizimle <a class=\"cursor-pointer\" rel=\"noopener\" data-start=\"2126\" data-end=\"2140\">info@berg.aero<\/a> adresi \u00fczerinden ileti\u015fime ge\u00e7ebilirsiniz.<\/p>\n<p>\n<\/div><\/div><\/div><\/div><\/div><\/div><script id=\"script-row-unique-0\" data-row=\"script-row-unique-0\" type=\"text\/javascript\" class=\"vc_controls\">UNCODE.initRow(document.getElementById(\"row-unique-0\"));<\/script><\/div><\/div><\/div><div data-parent=\"true\" class=\"vc_row has-bg need-focus style-color-jevc-bg row-container\" id=\"booknow\"><div class=\"row quad-top-padding quad-bottom-padding single-h-padding limit-width row-parent\"><div class=\"wpb_row row-inner\"><div class=\"wpb_column pos-top pos-center align_left column_parent col-lg-12 double-internal-gutter\"><div class=\"uncol style-light\"  ><div class=\"uncoltable\"><div class=\"uncell no-block-padding\" ><div class=\"uncont\" ><div class=\"vc_row row-internal row-container\"><div class=\"row col-double-gutter row-child\"><div class=\"wpb_row row-inner\"><div class=\"wpb_column pos-top pos-center align_left column_child col-lg-3 double-internal-gutter\"><div class=\"uncol style-light sticky-element sticky-sidebar\" ><div class=\"uncoltable\"><div class=\"uncell  vc_custom_1748613677673 no-block-padding\" style=\"padding-bottom: 10px ;\" ><div class=\"uncont\" ><div class=\"empty-space empty-single mobile-hidden\" ><span class=\"empty-space-inner\"><\/span><\/div>\n<div class=\"vc_custom_heading_wrap \"><div class=\"heading-text el-text\" ><h6 class=\"custom fontspace-135905 text-color-xsdn-color fontsize-188319-custom font-size-custom text-uppercase\" ><span>Start Your Journey<\/span><\/h6><\/div><div class=\"clear\"><\/div><\/div><div class=\"vc_custom_heading_wrap \"><div class=\"heading-text el-text\" ><h2 class=\"custom text-color-xsdn-color fontsize-587996-custom font-size-custom\" ><span>info@berg.aero<\/p><\/span><span><p>&nbsp;<\/p><\/span><span><p>+90 532 397 41 36<\/p><\/span><span><p>&nbsp;<\/p><\/span><span><p>Prof. Dr. Ahmet Taner K\u0131\u015flal\u0131 Mah.<br \/><\/span><span>Beyler Cad. No:20<br \/><\/span><span>\u00c7ankaya\/ Ankara, T\u00fcrkiye<\/span><\/h2><\/div><div class=\"clear\"><\/div><\/div><\/div><\/div><\/div><\/div><\/div><div class=\"wpb_column pos-top pos-center align_left column_child col-lg-9 single-internal-gutter\"><div class=\"uncol style-light shift_y_neg_triple\" ><div class=\"uncoltable\"><div class=\"uncell double-block-padding style-color-xsdn-bg unshadow-lg unradius-sm\" ><div class=\"uncont\" ><div class=\"vc_custom_heading_wrap \"><div class=\"heading-text el-text\" ><h3 class=\"h2\" ><span>Reservation<\/span><\/h3><div><p>Your place in the sky is ready!<br \/>\nContact us now to experience the privilege of Berg Aviation. Whether for domestic or international travel, you can easily book your tailor-made VIP flight and enjoy a comfortable and secure journey.<\/p>\n<p>Flying is your choice \u2014 delivering the privilege is our mission.<\/p>\n<\/div><\/div><div class=\"clear\"><\/div><\/div>\n<div class=\"wpcf7 no-js\" id=\"wpcf7-f61789-o1\" lang=\"en-US\" dir=\"ltr\" data-wpcf7-id=\"61789\">\n<div class=\"screen-reader-response\"><p role=\"status\" aria-live=\"polite\" aria-atomic=\"true\"><\/p> <ul><\/ul><\/div>\n<form action=\"\/tr\/wp-json\/wp\/v2\/pages\/156646#wpcf7-f61789-o1\" method=\"post\" class=\"wpcf7-form init\" aria-label=\"Contact form\" novalidate=\"novalidate\" data-status=\"init\">\n<fieldset class=\"hidden-fields-container\"><input type=\"hidden\" name=\"_wpcf7\" value=\"61789\" \/><input type=\"hidden\" name=\"_wpcf7_version\" value=\"6.1.5\" \/><input type=\"hidden\" name=\"_wpcf7_locale\" value=\"en_US\" \/><input type=\"hidden\" name=\"_wpcf7_unit_tag\" value=\"wpcf7-f61789-o1\" \/><input type=\"hidden\" name=\"_wpcf7_container_post\" value=\"0\" \/><input type=\"hidden\" name=\"_wpcf7_posted_data_hash\" value=\"\" \/><input type=\"hidden\" name=\"_wpcf7_recaptcha_response\" value=\"\" \/>\n<\/fieldset>\n<div class=\"wpcf7-inline-wrapper\">\n\t<p class=\"wpcf7-inline-field\"><span class=\"wpcf7-form-control-wrap\" data-name=\"from\"><input size=\"40\" maxlength=\"400\" class=\"wpcf7-form-control wpcf7-text wpcf7-validates-as-required\" aria-required=\"true\" aria-invalid=\"false\" placeholder=\"From *\" value=\"\" type=\"text\" name=\"from\" \/><\/span>\n\t<\/p>\n\t<p class=\"wpcf7-inline-field\"><span class=\"wpcf7-form-control-wrap\" data-name=\"to\"><input size=\"40\" maxlength=\"400\" class=\"wpcf7-form-control wpcf7-text wpcf7-validates-as-required\" aria-required=\"true\" aria-invalid=\"false\" placeholder=\"To *\" value=\"\" type=\"text\" name=\"to\" \/><\/span>\n\t<\/p>\n<\/div>\n<div class=\"wpcf7-inline-wrapper\">\n\t<p class=\"wpcf7-inline-field\"><span class=\"wpcf7-form-control-wrap\" data-name=\"departure\"><input class=\"wpcf7-form-control wpcf7-date wpcf7-validates-as-required wpcf7-validates-as-date wpcf7-text\" id=\"departure-date\" min=\"2026-04-10\" aria-required=\"true\" aria-invalid=\"false\" value=\"\" type=\"date\" name=\"departure\" \/><\/span>\n\t<\/p>\n\t<p class=\"wpcf7-inline-field\"><span class=\"wpcf7-form-control-wrap\" data-name=\"passengers\"><input class=\"wpcf7-form-control wpcf7-number wpcf7-validates-as-required wpcf7-validates-as-number\" min=\"0\" max=\"100\" aria-required=\"true\" aria-invalid=\"false\" placeholder=\"Passengers *\" value=\"\" type=\"number\" name=\"passengers\" \/><\/span>\n\t<\/p>\n<\/div>\n<div class=\"wpcf7-inline-wrapper\">\n\t<p class=\"wpcf7-inline-field\"><span class=\"wpcf7-form-control-wrap\" data-name=\"name\"><input size=\"40\" maxlength=\"400\" class=\"wpcf7-form-control wpcf7-text wpcf7-validates-as-required\" aria-required=\"true\" aria-invalid=\"false\" placeholder=\"Name *\" value=\"\" type=\"text\" name=\"name\" \/><\/span>\n\t<\/p>\n\t<p class=\"wpcf7-inline-field\"><span class=\"wpcf7-form-control-wrap\" data-name=\"surname\"><input size=\"40\" maxlength=\"400\" class=\"wpcf7-form-control wpcf7-text wpcf7-validates-as-required\" aria-required=\"true\" aria-invalid=\"false\" placeholder=\"Surname *\" value=\"\" type=\"text\" name=\"surname\" \/><\/span>\n\t<\/p>\n<\/div>\n<div class=\"wpcf7-inline-wrapper\">\n\t<p class=\"wpcf7-inline-field\"><span class=\"wpcf7-form-control-wrap\" data-name=\"your-email\"><input size=\"40\" maxlength=\"400\" class=\"wpcf7-form-control wpcf7-email wpcf7-validates-as-required wpcf7-text wpcf7-validates-as-email\" aria-required=\"true\" aria-invalid=\"false\" placeholder=\"Email *\" value=\"\" type=\"email\" name=\"your-email\" \/><\/span>\n\t<\/p>\n\t<p class=\"wpcf7-inline-field\"><span class=\"wpcf7-form-control-wrap\" data-name=\"telnumber\"><input size=\"40\" class=\"wpcf7-form-control wpcf7-phonetext wpcf7-validates-as-required wpcf7-text wpcf7-validates-as-phonetext\" autocomplete=\"tel\" data-numberonly=\"true\" aria-required=\"true\" aria-invalid=\"false\" placeholder=\"Phone Number\" value=\"\" type=\"text\" name=\"telnumber\" \/><input type=\"hidden\" name=\"telnumber-country-code\" class=\"wpcf7-phonetext-country-code\" \/><\/span>\n\t<\/p>\n<\/div>\n<div class=\"wpcf7-inline-wrapper\">\n<\/div>\n<p><input class=\"wpcf7-form-control wpcf7-submit has-spinner btn btn-accent btn-lg btn-flat btn-shadow-sm btn-circle btn-inherit font-weight-500\" type=\"submit\" value=\"Request a Flight\" \/>\n<\/p><div class=\"wpcf7-response-output\" aria-hidden=\"true\"><\/div>\n<\/form>\n<\/div>\n<\/div><\/div><\/div><\/div><\/div><\/div><\/div><\/div><div class=\"vc_row row-internal row-container\"><div class=\"row row-child\"><div class=\"wpb_row row-inner\"><div class=\"wpb_column pos-top pos-center align_left column_child col-lg-3 tablet-hidden mobile-hidden single-internal-gutter\"><div class=\"uncol style-light\" ><div class=\"uncoltable\"><div class=\"uncell no-block-padding\" ><div class=\"uncont\" ><\/div><\/div><\/div><\/div><\/div><div class=\"wpb_column pos-top pos-center align_left column_child col-lg-3 col-md-33 single-internal-gutter\"><div class=\"uncol style-light\" ><div class=\"uncoltable\"><div class=\"uncell no-block-padding\" ><div class=\"uncont\" ><span class=\"btn-container\" ><a role=\"button\"  href=\"https:\/\/berg.aero\/aircraft-charter-agreement\/\" class=\"custom-link fontsize-160000 border-width-0 text-color-xsdn-color btn-icon-left\" title=\"Aircraft Charter Agreement\">Aircraft Charter Agreement<\/a><\/span><\/div><\/div><\/div><\/div><\/div><div class=\"wpb_column pos-top pos-center align_left column_child col-lg-3 col-md-33 single-internal-gutter\"><div class=\"uncol style-light\" ><div class=\"uncoltable\"><div class=\"uncell no-block-padding\" ><div class=\"uncont\" ><span class=\"btn-container\" ><a role=\"button\"  href=\"https:\/\/berg.aero\/cookie-policy\/\" class=\"custom-link fontsize-160000 border-width-0 text-color-xsdn-color btn-icon-left\" title=\"Cookie Policy\">Cookie Policy<\/a><\/span><\/div><\/div><\/div><\/div><\/div><div class=\"wpb_column pos-top pos-center align_left column_child col-lg-3 col-md-33 single-internal-gutter\"><div class=\"uncol style-light\" ><div class=\"uncoltable\"><div class=\"uncell no-block-padding\" ><div class=\"uncont\" ><span class=\"btn-container\" ><a role=\"button\"  href=\"https:\/\/berg.aero\/kvkk\/\" class=\"custom-link fontsize-160000 border-width-0 text-color-xsdn-color btn-icon-left\" title=\"K.V.K.K\">K.V.K.K<\/a><\/span><\/div><\/div><\/div><\/div><\/div><\/div><\/div><\/div><\/div><\/div><\/div><\/div><\/div><script id=\"script-booknow\" data-row=\"script-booknow\" type=\"text\/javascript\" class=\"vc_controls\">UNCODE.initRow(document.getElementById(\"booknow\"));<\/script><\/div><\/div><\/div>\n<\/div>","protected":false},"excerpt":{"rendered":"(6698 Say\u0131l\u0131 Ki\u015fisel Verilerin Korunmas\u0131 Kanunu\u2019na Uygun Olarak) Bu Gizlilik Bildirimi, BERG HAVACILIK A.\u015e. (\u201c\u015eirket\u201d, \u201cbiz\u201d, \u201cbize\u201d) taraf\u0131ndan, 6698 say\u0131l\u0131 [...]","protected":false},"author":1,"featured_media":0,"parent":0,"menu_order":0,"comment_status":"closed","ping_status":"closed","template":"","meta":{"footnotes":""},"class_list":["post-156646","page","type-page","status-publish","hentry"],"_links":{"self":[{"href":"https:\/\/berg.aero\/tr\/wp-json\/wp\/v2\/pages\/156646","targetHints":{"allow":["GET"]}}],"collection":[{"href":"https:\/\/berg.aero\/tr\/wp-json\/wp\/v2\/pages"}],"about":[{"href":"https:\/\/berg.aero\/tr\/wp-json\/wp\/v2\/types\/page"}],"author":[{"embeddable":true,"href":"https:\/\/berg.aero\/tr\/wp-json\/wp\/v2\/users\/1"}],"replies":[{"embeddable":true,"href":"https:\/\/berg.aero\/tr\/wp-json\/wp\/v2\/comments?post=156646"}],"version-history":[{"count":3,"href":"https:\/\/berg.aero\/tr\/wp-json\/wp\/v2\/pages\/156646\/revisions"}],"predecessor-version":[{"id":156698,"href":"https:\/\/berg.aero\/tr\/wp-json\/wp\/v2\/pages\/156646\/revisions\/156698"}],"wp:attachment":[{"href":"https:\/\/berg.aero\/tr\/wp-json\/wp\/v2\/media?parent=156646"}],"curies":[{"name":"wp","href":"https:\/\/api.w.org\/{rel}","templated":true}]}}