{"id":156648,"date":"2025-05-30T13:59:07","date_gmt":"2025-05-30T13:59:07","guid":{"rendered":"https:\/\/berg.aero\/?page_id=156648"},"modified":"2025-06-01T23:28:32","modified_gmt":"2025-06-01T23:28:32","slug":"cookie-policy","status":"publish","type":"page","link":"https:\/\/berg.aero\/tr\/cookie-policy\/","title":{"rendered":"\u00c7erez Politikas\u0131"},"content":{"rendered":"<div class=\"wpb-content-wrapper\"><div data-parent=\"true\" class=\"vc_row row-container\" id=\"row-unique-0\"><div class=\"row limit-width row-parent\"><div class=\"wpb_row row-inner\"><div class=\"wpb_column pos-top pos-center align_left column_parent col-lg-12 single-internal-gutter\"><div class=\"uncol style-light\"  ><div class=\"uncoltable\"><div class=\"uncell no-block-padding\" ><div class=\"uncont\" ><div class=\"uncode_text_column\" ><\/p>\n<p data-start=\"56\" data-end=\"76\"><strong data-start=\"56\" data-end=\"76\">\u00c7erez Politikas\u0131<\/strong><\/p>\n<p data-start=\"78\" data-end=\"249\">Bu \u00c7erez Politikas\u0131, BERG HAVACILIK A.\u015e. (\u201cbiz\u201d, \u201cbize\u201d veya \u201cbizim\u201d) olarak [<a class=\"\" href=\"http:\/\/www.berg.aero\/\" target=\"_new\" rel=\"noopener\">www.berg.aero<\/a>] web sitemizde \u00e7erezleri ve benzeri teknolojileri nas\u0131l kulland\u0131\u011f\u0131m\u0131z\u0131 a\u00e7\u0131klar.<\/p>\n<p data-start=\"251\" data-end=\"439\"><strong data-start=\"251\" data-end=\"270\">1. \u00c7erez Nedir?<\/strong><br data-start=\"270\" data-end=\"273\" \/>\u00c7erezler, gezinme deneyiminizi geli\u015ftirmek, tercihlerinizi tan\u0131mak ve hizmetlerimizi iyile\u015ftirmemize yard\u0131mc\u0131 olmak i\u00e7in cihaz\u0131n\u0131zda saklanan k\u00fc\u00e7\u00fck veri dosyalar\u0131d\u0131r.<\/p>\n<p data-start=\"441\" data-end=\"477\"><strong data-start=\"441\" data-end=\"475\">2. Kulland\u0131\u011f\u0131m\u0131z \u00c7erez T\u00fcrleri<\/strong><\/p>\n<ul data-start=\"478\" data-end=\"783\">\n<li data-start=\"478\" data-end=\"538\">\n<p data-start=\"480\" data-end=\"538\"><strong data-start=\"480\" data-end=\"501\">Zorunlu \u00c7erezler:<\/strong> Site i\u015flevselli\u011fi i\u00e7in gereklidir.<\/p>\n<\/li>\n<li data-start=\"539\" data-end=\"625\">\n<p data-start=\"541\" data-end=\"625\"><strong data-start=\"541\" data-end=\"566\">Fonksiyonel \u00c7erezler:<\/strong> Web sitesinin yapt\u0131\u011f\u0131n\u0131z se\u00e7imleri hat\u0131rlamas\u0131n\u0131 sa\u011flar.<\/p>\n<\/li>\n<li data-start=\"626\" data-end=\"716\">\n<p data-start=\"628\" data-end=\"716\"><strong data-start=\"628\" data-end=\"650\">Analitik \u00c7erezler:<\/strong> Site kullan\u0131m\u0131n\u0131 ve performans\u0131n\u0131 analiz etmemize olanak tan\u0131r.<\/p>\n<\/li>\n<li data-start=\"717\" data-end=\"783\">\n<p data-start=\"719\" data-end=\"783\"><strong data-start=\"719\" data-end=\"740\">Reklam \u00c7erezleri:<\/strong> \u0130lgili reklamlar\u0131 sunmam\u0131za yard\u0131mc\u0131 olur.<\/p>\n<\/li>\n<\/ul>\n<p data-start=\"785\" data-end=\"1007\"><strong data-start=\"785\" data-end=\"820\">3. \u00c7erez Tercihlerinizi Y\u00f6netme<\/strong><br data-start=\"820\" data-end=\"823\" \/>\u00c7erezleri taray\u0131c\u0131 ayarlar\u0131n\u0131zdan kontrol edebilir veya devre d\u0131\u015f\u0131 b\u0131rakabilirsiniz. L\u00fctfen \u00e7erezleri devre d\u0131\u015f\u0131 b\u0131rakman\u0131n web sitesinin i\u015flevselli\u011fini etkileyebilece\u011fini unutmay\u0131n.<\/p>\n<p data-start=\"1009\" data-end=\"1041\"><strong data-start=\"1009\" data-end=\"1039\">\u00c7erezleri y\u00f6netme yollar\u0131:<\/strong><\/p>\n<ul data-start=\"1042\" data-end=\"1229\">\n<li data-start=\"1042\" data-end=\"1095\">\n<p data-start=\"1044\" data-end=\"1095\">Chrome: Ayarlar &gt; Gizlilik ve G\u00fcvenlik &gt; \u00c7erezler<\/p>\n<\/li>\n<li data-start=\"1096\" data-end=\"1168\">\n<p data-start=\"1098\" data-end=\"1168\">Firefox: Tercihler &gt; Gizlilik &amp; G\u00fcvenlik &gt; \u00c7erezler ve Site Verileri<\/p>\n<\/li>\n<li data-start=\"1169\" data-end=\"1229\">\n<p data-start=\"1171\" data-end=\"1229\">Safari: Tercihler &gt; Gizlilik &gt; Web Sitesi Verilerini Y\u00f6net<\/p>\n<\/li>\n<\/ul>\n<p data-start=\"1231\" data-end=\"1438\"><strong data-start=\"1231\" data-end=\"1261\">4. Politika G\u00fcncellemeleri<\/strong><br data-start=\"1261\" data-end=\"1264\" \/>Teknolojik geli\u015fmeler veya yasal gereklilikler do\u011frultusunda bu politikay\u0131 zaman zaman g\u00fcncelleyebiliriz. En g\u00fcncel versiyon her zaman [<a class=\"\" href=\"http:\/\/www.berg.aero\/\" target=\"_new\" rel=\"noopener\">www.berg.aero<\/a>] adresinde bulunacakt\u0131r.<\/p>\n<hr data-start=\"1440\" data-end=\"1443\" \/>\n<p data-start=\"1445\" data-end=\"1567\"><strong data-start=\"1445\" data-end=\"1462\">\u0130leti\u015fime Ge\u00e7<\/strong><br data-start=\"1462\" data-end=\"1465\" \/>\u00c7erez kullan\u0131m\u0131 veya bu politika ile ilgili herhangi bir sorunuz varsa l\u00fctfen bizimle ileti\u015fime ge\u00e7in:<\/p>\n<p data-start=\"1569\" data-end=\"1733\">BERG HAVACILIK A.\u015e.<br data-start=\"1588\" data-end=\"1591\" \/>E-posta: <a class=\"cursor-pointer\" rel=\"noopener\" data-start=\"1600\" data-end=\"1614\">info@berg.aero<\/a><br data-start=\"1614\" data-end=\"1617\" \/>Telefon: +90 532 397 41 36<br data-start=\"1643\" data-end=\"1646\" \/>Adres: Prof. Dr. Ahmet Taner K\u0131\u015flal\u0131 Mah., Beyler Cad. No:20, \u00c7ankaya \/ Ankara, T\u00fcrkiye<\/p>\n<p>\n<\/div><\/div><\/div><\/div><\/div><\/div><script id=\"script-row-unique-0\" data-row=\"script-row-unique-0\" type=\"text\/javascript\" class=\"vc_controls\">UNCODE.initRow(document.getElementById(\"row-unique-0\"));<\/script><\/div><\/div><\/div><div data-parent=\"true\" class=\"vc_row has-bg need-focus style-color-jevc-bg row-container\" id=\"booknow\"><div class=\"row quad-top-padding quad-bottom-padding single-h-padding limit-width row-parent\"><div class=\"wpb_row row-inner\"><div class=\"wpb_column pos-top pos-center align_left column_parent col-lg-12 double-internal-gutter\"><div class=\"uncol style-light\"  ><div class=\"uncoltable\"><div class=\"uncell no-block-padding\" ><div class=\"uncont\" ><div class=\"vc_row row-internal row-container\"><div class=\"row col-double-gutter row-child\"><div class=\"wpb_row row-inner\"><div class=\"wpb_column pos-top pos-center align_left column_child col-lg-3 double-internal-gutter\"><div class=\"uncol style-light sticky-element sticky-sidebar\" ><div class=\"uncoltable\"><div class=\"uncell  vc_custom_1748613677673 no-block-padding\" style=\"padding-bottom: 10px ;\" ><div class=\"uncont\" ><div class=\"empty-space empty-single mobile-hidden\" ><span class=\"empty-space-inner\"><\/span><\/div>\n<div class=\"vc_custom_heading_wrap \"><div class=\"heading-text el-text\" ><h6 class=\"custom fontspace-135905 text-color-xsdn-color fontsize-188319-custom font-size-custom text-uppercase\" ><span>Start Your Journey<\/span><\/h6><\/div><div class=\"clear\"><\/div><\/div><div class=\"vc_custom_heading_wrap \"><div class=\"heading-text el-text\" ><h2 class=\"custom text-color-xsdn-color fontsize-587996-custom font-size-custom\" ><span>info@berg.aero<\/p><\/span><span><p>&nbsp;<\/p><\/span><span><p>+90 532 397 41 36<\/p><\/span><span><p>&nbsp;<\/p><\/span><span><p>Prof. Dr. Ahmet Taner K\u0131\u015flal\u0131 Mah.<br \/><\/span><span>Beyler Cad. No:20<br \/><\/span><span>\u00c7ankaya\/ Ankara, T\u00fcrkiye<\/span><\/h2><\/div><div class=\"clear\"><\/div><\/div><\/div><\/div><\/div><\/div><\/div><div class=\"wpb_column pos-top pos-center align_left column_child col-lg-9 single-internal-gutter\"><div class=\"uncol style-light shift_y_neg_triple\" ><div class=\"uncoltable\"><div class=\"uncell double-block-padding style-color-xsdn-bg unshadow-lg unradius-sm\" ><div class=\"uncont\" ><div class=\"vc_custom_heading_wrap \"><div class=\"heading-text el-text\" ><h3 class=\"h2\" ><span>Reservation<\/span><\/h3><div><p>Your place in the sky is ready!<br \/>\nContact us now to experience the privilege of Berg Aviation. Whether for domestic or international travel, you can easily book your tailor-made VIP flight and enjoy a comfortable and secure journey.<\/p>\n<p>Flying is your choice \u2014 delivering the privilege is our mission.<\/p>\n<\/div><\/div><div class=\"clear\"><\/div><\/div>\n<div class=\"wpcf7 no-js\" id=\"wpcf7-f61789-o1\" lang=\"en-US\" dir=\"ltr\" data-wpcf7-id=\"61789\">\n<div class=\"screen-reader-response\"><p role=\"status\" aria-live=\"polite\" aria-atomic=\"true\"><\/p> <ul><\/ul><\/div>\n<form action=\"\/tr\/wp-json\/wp\/v2\/pages\/156648#wpcf7-f61789-o1\" method=\"post\" class=\"wpcf7-form init\" aria-label=\"Contact form\" novalidate=\"novalidate\" data-status=\"init\">\n<fieldset class=\"hidden-fields-container\"><input type=\"hidden\" name=\"_wpcf7\" value=\"61789\" \/><input type=\"hidden\" name=\"_wpcf7_version\" value=\"6.1.5\" \/><input type=\"hidden\" name=\"_wpcf7_locale\" value=\"en_US\" \/><input type=\"hidden\" name=\"_wpcf7_unit_tag\" value=\"wpcf7-f61789-o1\" \/><input type=\"hidden\" name=\"_wpcf7_container_post\" value=\"0\" \/><input type=\"hidden\" name=\"_wpcf7_posted_data_hash\" value=\"\" \/><input type=\"hidden\" name=\"_wpcf7_recaptcha_response\" value=\"\" \/>\n<\/fieldset>\n<div class=\"wpcf7-inline-wrapper\">\n\t<p class=\"wpcf7-inline-field\"><span class=\"wpcf7-form-control-wrap\" data-name=\"from\"><input size=\"40\" maxlength=\"400\" class=\"wpcf7-form-control wpcf7-text wpcf7-validates-as-required\" aria-required=\"true\" aria-invalid=\"false\" placeholder=\"From *\" value=\"\" type=\"text\" name=\"from\" \/><\/span>\n\t<\/p>\n\t<p class=\"wpcf7-inline-field\"><span class=\"wpcf7-form-control-wrap\" data-name=\"to\"><input size=\"40\" maxlength=\"400\" class=\"wpcf7-form-control wpcf7-text wpcf7-validates-as-required\" aria-required=\"true\" aria-invalid=\"false\" placeholder=\"To *\" value=\"\" type=\"text\" name=\"to\" \/><\/span>\n\t<\/p>\n<\/div>\n<div class=\"wpcf7-inline-wrapper\">\n\t<p class=\"wpcf7-inline-field\"><span class=\"wpcf7-form-control-wrap\" data-name=\"departure\"><input class=\"wpcf7-form-control wpcf7-date wpcf7-validates-as-required wpcf7-validates-as-date wpcf7-text\" id=\"departure-date\" min=\"2026-04-10\" aria-required=\"true\" aria-invalid=\"false\" value=\"\" type=\"date\" name=\"departure\" \/><\/span>\n\t<\/p>\n\t<p class=\"wpcf7-inline-field\"><span class=\"wpcf7-form-control-wrap\" data-name=\"passengers\"><input class=\"wpcf7-form-control wpcf7-number wpcf7-validates-as-required wpcf7-validates-as-number\" min=\"0\" max=\"100\" aria-required=\"true\" aria-invalid=\"false\" placeholder=\"Passengers *\" value=\"\" type=\"number\" name=\"passengers\" \/><\/span>\n\t<\/p>\n<\/div>\n<div class=\"wpcf7-inline-wrapper\">\n\t<p class=\"wpcf7-inline-field\"><span class=\"wpcf7-form-control-wrap\" data-name=\"name\"><input size=\"40\" maxlength=\"400\" class=\"wpcf7-form-control wpcf7-text wpcf7-validates-as-required\" aria-required=\"true\" aria-invalid=\"false\" placeholder=\"Name *\" value=\"\" type=\"text\" name=\"name\" \/><\/span>\n\t<\/p>\n\t<p class=\"wpcf7-inline-field\"><span class=\"wpcf7-form-control-wrap\" data-name=\"surname\"><input size=\"40\" maxlength=\"400\" class=\"wpcf7-form-control wpcf7-text wpcf7-validates-as-required\" aria-required=\"true\" aria-invalid=\"false\" placeholder=\"Surname *\" value=\"\" type=\"text\" name=\"surname\" \/><\/span>\n\t<\/p>\n<\/div>\n<div class=\"wpcf7-inline-wrapper\">\n\t<p class=\"wpcf7-inline-field\"><span class=\"wpcf7-form-control-wrap\" data-name=\"your-email\"><input size=\"40\" maxlength=\"400\" class=\"wpcf7-form-control wpcf7-email wpcf7-validates-as-required wpcf7-text wpcf7-validates-as-email\" aria-required=\"true\" aria-invalid=\"false\" placeholder=\"Email *\" value=\"\" type=\"email\" name=\"your-email\" \/><\/span>\n\t<\/p>\n\t<p class=\"wpcf7-inline-field\"><span class=\"wpcf7-form-control-wrap\" data-name=\"telnumber\"><input size=\"40\" class=\"wpcf7-form-control wpcf7-phonetext wpcf7-validates-as-required wpcf7-text wpcf7-validates-as-phonetext\" autocomplete=\"tel\" data-numberonly=\"true\" aria-required=\"true\" aria-invalid=\"false\" placeholder=\"Phone Number\" value=\"\" type=\"text\" name=\"telnumber\" \/><input type=\"hidden\" name=\"telnumber-country-code\" class=\"wpcf7-phonetext-country-code\" \/><\/span>\n\t<\/p>\n<\/div>\n<div class=\"wpcf7-inline-wrapper\">\n<\/div>\n<p><input class=\"wpcf7-form-control wpcf7-submit has-spinner btn btn-accent btn-lg btn-flat btn-shadow-sm btn-circle btn-inherit font-weight-500\" type=\"submit\" value=\"Request a Flight\" \/>\n<\/p><div class=\"wpcf7-response-output\" aria-hidden=\"true\"><\/div>\n<\/form>\n<\/div>\n<\/div><\/div><\/div><\/div><\/div><\/div><\/div><\/div><div class=\"vc_row row-internal row-container\"><div class=\"row row-child\"><div class=\"wpb_row row-inner\"><div class=\"wpb_column pos-top pos-center align_left column_child col-lg-3 tablet-hidden mobile-hidden single-internal-gutter\"><div class=\"uncol style-light\" ><div class=\"uncoltable\"><div class=\"uncell no-block-padding\" ><div class=\"uncont\" ><\/div><\/div><\/div><\/div><\/div><div class=\"wpb_column pos-top pos-center align_left column_child col-lg-3 col-md-33 single-internal-gutter\"><div class=\"uncol style-light\" ><div class=\"uncoltable\"><div class=\"uncell no-block-padding\" ><div class=\"uncont\" ><span class=\"btn-container\" ><a role=\"button\"  href=\"https:\/\/berg.aero\/aircraft-charter-agreement\/\" class=\"custom-link fontsize-160000 border-width-0 text-color-xsdn-color btn-icon-left\" title=\"Aircraft Charter Agreement\">Aircraft Charter Agreement<\/a><\/span><\/div><\/div><\/div><\/div><\/div><div class=\"wpb_column pos-top pos-center align_left column_child col-lg-3 col-md-33 single-internal-gutter\"><div class=\"uncol style-light\" ><div class=\"uncoltable\"><div class=\"uncell no-block-padding\" ><div class=\"uncont\" ><span class=\"btn-container\" ><a role=\"button\"  href=\"https:\/\/berg.aero\/cookie-policy\/\" class=\"custom-link fontsize-160000 border-width-0 text-color-xsdn-color btn-icon-left\" title=\"Cookie Policy\">Cookie Policy<\/a><\/span><\/div><\/div><\/div><\/div><\/div><div class=\"wpb_column pos-top pos-center align_left column_child col-lg-3 col-md-33 single-internal-gutter\"><div class=\"uncol style-light\" ><div class=\"uncoltable\"><div class=\"uncell no-block-padding\" ><div class=\"uncont\" ><span class=\"btn-container\" ><a role=\"button\"  href=\"https:\/\/berg.aero\/kvkk\/\" class=\"custom-link fontsize-160000 border-width-0 text-color-xsdn-color btn-icon-left\" title=\"K.V.K.K\">K.V.K.K<\/a><\/span><\/div><\/div><\/div><\/div><\/div><\/div><\/div><\/div><\/div><\/div><\/div><\/div><\/div><script id=\"script-booknow\" data-row=\"script-booknow\" type=\"text\/javascript\" class=\"vc_controls\">UNCODE.initRow(document.getElementById(\"booknow\"));<\/script><\/div><\/div><\/div>\n<\/div>","protected":false},"excerpt":{"rendered":"\u00c7erez Politikas\u0131 Bu \u00c7erez Politikas\u0131, BERG HAVACILIK A.\u015e. (\u201cbiz\u201d, \u201cbize\u201d veya \u201cbizim\u201d) olarak [www.berg.aero] web sitemizde \u00e7erezleri ve benzeri teknolojileri [...]","protected":false},"author":1,"featured_media":0,"parent":0,"menu_order":0,"comment_status":"closed","ping_status":"closed","template":"","meta":{"footnotes":""},"class_list":["post-156648","page","type-page","status-publish","hentry"],"_links":{"self":[{"href":"https:\/\/berg.aero\/tr\/wp-json\/wp\/v2\/pages\/156648","targetHints":{"allow":["GET"]}}],"collection":[{"href":"https:\/\/berg.aero\/tr\/wp-json\/wp\/v2\/pages"}],"about":[{"href":"https:\/\/berg.aero\/tr\/wp-json\/wp\/v2\/types\/page"}],"author":[{"embeddable":true,"href":"https:\/\/berg.aero\/tr\/wp-json\/wp\/v2\/users\/1"}],"replies":[{"embeddable":true,"href":"https:\/\/berg.aero\/tr\/wp-json\/wp\/v2\/comments?post=156648"}],"version-history":[{"count":5,"href":"https:\/\/berg.aero\/tr\/wp-json\/wp\/v2\/pages\/156648\/revisions"}],"predecessor-version":[{"id":156697,"href":"https:\/\/berg.aero\/tr\/wp-json\/wp\/v2\/pages\/156648\/revisions\/156697"}],"wp:attachment":[{"href":"https:\/\/berg.aero\/tr\/wp-json\/wp\/v2\/media?parent=156648"}],"curies":[{"name":"wp","href":"https:\/\/api.w.org\/{rel}","templated":true}]}}